{"id":19168,"date":"2025-09-03T08:45:58","date_gmt":"2025-09-03T08:45:58","guid":{"rendered":"https:\/\/iniestacademy.com\/?post_type=product&#038;p=19168"},"modified":"2025-12-26T12:56:42","modified_gmt":"2025-12-26T12:56:42","slug":"registration-of-technical-training-institucio-la-farga-sant-cugat","status":"publish","type":"product","link":"https:\/\/iniestacademy.com\/en\/product\/registration-of-technical-training-institucio-la-farga-sant-cugat\/","title":{"rendered":"Registration of technical training Instituci\u00f3 La Farga, Sant Cugat"},"content":{"rendered":"<div>Dear families,<\/div>\n<div><\/div>\n<div><strong><a href=\"https:\/\/iniestacademy.institucio.org\/\" target=\"_blank\" rel=\"noopener\">Iniesta Academy<\/a><\/strong> and <a href=\"https:\/\/lafarga.institucio.org\/\" target=\"_blank\" rel=\"noopener\"><strong>Institucio La Farga<\/strong><\/a> have signed a collaboration agreement. Through this partnership, Iniesta Academy will conduct weekly soccer development sessions based on the values and playing methodology of Andr\u00e9s Iniesta. <\/div>\n<div><\/div>\n<div>Iniesta Academy and the Instituci\u00f3 Familiar de Educaci\u00f3 are teaming up to offer sports, educational, and personal training to boys and girls ages 5 to 16 through football and a combination of the methodologies of both organizations.<\/div>\n<div><\/div>\n<div><strong><br \/>START DATE:<\/strong><\/div>\n<div>The sessions will begin on Friday, September 19.<\/div>\n<div><\/div>\n<div><strong><br \/>SCHEDULE:<\/strong><\/div>\n<div>Every <b>Friday<\/b>, 17:30-18:45 (U5-10) \/\/ 19:00-20:30 (U11-U16) at the F\u00fatbol 7 field. La Farga, Sant Cugat.<\/div>\n","protected":false},"excerpt":{"rendered":"<p>Dear families, Iniesta Academy and Institucio La Farga have signed a collaboration agreement. Through this partnership, Iniesta Academy will conduct weekly soccer development sessions based on the values and playing methodology of Andr\u00e9s Iniesta. Iniesta Academy and the Instituci\u00f3 Familiar de Educaci\u00f3 are teaming up to offer sports, educational, and personal training to boys and [&hellip;]<\/p>\n","protected":false},"featured_media":19451,"comment_status":"closed","ping_status":"closed","template":"","meta":{"_acf_changed":false,"inline_featured_image":false},"product_brand":[],"product_cat":[252],"product_tag":[264],"class_list":{"0":"post-19168","1":"product","2":"type-product","3":"status-publish","4":"has-post-thumbnail","6":"product_cat-merchandising-en","7":"product_tag-inscripcion-sant-cugat-en","9":"first","10":"instock","11":"taxable","12":"shipping-taxable","13":"purchasable","14":"product-type-simple"},"acf":[],"yoast_head":"<!-- This site is optimized with the Yoast SEO plugin v25.3 - https:\/\/yoast.com\/wordpress\/plugins\/seo\/ -->\n<title>Registration of technical training Instituci\u00f3 La Farga, Sant Cugat - Iniesta Academy<\/title>\n<meta name=\"robots\" content=\"index, follow, max-snippet:-1, max-image-preview:large, max-video-preview:-1\" \/>\n<link rel=\"canonical\" href=\"https:\/\/iniestacademy.com\/en\/product\/registration-of-technical-training-institucio-la-farga-sant-cugat\/\" \/>\n<meta property=\"og:locale\" content=\"en_US\" \/>\n<meta property=\"og:type\" content=\"article\" \/>\n<meta property=\"og:title\" content=\"Registration of technical training Instituci\u00f3 La Farga, Sant Cugat - Iniesta Academy\" \/>\n<meta property=\"og:description\" content=\"Dear families, Iniesta Academy and Institucio La Farga have signed a collaboration agreement. Through this partnership, Iniesta Academy will conduct weekly soccer development sessions based on the values and playing methodology of Andr\u00e9s Iniesta. Iniesta Academy and the Instituci\u00f3 Familiar de Educaci\u00f3 are teaming up to offer sports, educational, and personal training to boys and [&hellip;]\" \/>\n<meta property=\"og:url\" content=\"https:\/\/iniestacademy.com\/en\/product\/registration-of-technical-training-institucio-la-farga-sant-cugat\/\" \/>\n<meta property=\"og:site_name\" content=\"Iniesta Academy\" \/>\n<meta property=\"article:publisher\" content=\"https:\/\/www.linkedin.com\/company\/iniestacademy\/\" \/>\n<meta property=\"article:modified_time\" content=\"2025-12-26T12:56:42+00:00\" \/>\n<meta property=\"og:image\" content=\"https:\/\/iniestacademy.com\/wp-content\/uploads\/2025\/12\/iniestacademy_background_2.jpeg\" \/>\n\t<meta property=\"og:image:width\" content=\"1080\" \/>\n\t<meta property=\"og:image:height\" content=\"1152\" \/>\n\t<meta property=\"og:image:type\" content=\"image\/jpeg\" \/>\n<meta name=\"twitter:card\" content=\"summary_large_image\" \/>\n<meta name=\"twitter:label1\" content=\"Est. reading time\" \/>\n\t<meta name=\"twitter:data1\" content=\"1 minute\" \/>\n<script type=\"application\/ld+json\" class=\"yoast-schema-graph\">{\"@context\":\"https:\/\/schema.org\",\"@graph\":[{\"@type\":\"WebPage\",\"@id\":\"https:\/\/iniestacademy.com\/en\/product\/registration-of-technical-training-institucio-la-farga-sant-cugat\/\",\"url\":\"https:\/\/iniestacademy.com\/en\/product\/registration-of-technical-training-institucio-la-farga-sant-cugat\/\",\"name\":\"Registration of technical training Instituci\u00f3 La Farga, Sant Cugat - Iniesta Academy\",\"isPartOf\":{\"@id\":\"https:\/\/iniestacademy.com\/#website\"},\"primaryImageOfPage\":{\"@id\":\"https:\/\/iniestacademy.com\/en\/product\/registration-of-technical-training-institucio-la-farga-sant-cugat\/#primaryimage\"},\"image\":{\"@id\":\"https:\/\/iniestacademy.com\/en\/product\/registration-of-technical-training-institucio-la-farga-sant-cugat\/#primaryimage\"},\"thumbnailUrl\":\"https:\/\/iniestacademy.com\/wp-content\/uploads\/2025\/12\/iniestacademy_background_2.jpeg\",\"datePublished\":\"2025-09-03T08:45:58+00:00\",\"dateModified\":\"2025-12-26T12:56:42+00:00\",\"breadcrumb\":{\"@id\":\"https:\/\/iniestacademy.com\/en\/product\/registration-of-technical-training-institucio-la-farga-sant-cugat\/#breadcrumb\"},\"inLanguage\":\"en-US\",\"potentialAction\":[{\"@type\":\"ReadAction\",\"target\":[\"https:\/\/iniestacademy.com\/en\/product\/registration-of-technical-training-institucio-la-farga-sant-cugat\/\"]}]},{\"@type\":\"ImageObject\",\"inLanguage\":\"en-US\",\"@id\":\"https:\/\/iniestacademy.com\/en\/product\/registration-of-technical-training-institucio-la-farga-sant-cugat\/#primaryimage\",\"url\":\"https:\/\/iniestacademy.com\/wp-content\/uploads\/2025\/12\/iniestacademy_background_2.jpeg\",\"contentUrl\":\"https:\/\/iniestacademy.com\/wp-content\/uploads\/2025\/12\/iniestacademy_background_2.jpeg\",\"width\":1080,\"height\":1152},{\"@type\":\"BreadcrumbList\",\"@id\":\"https:\/\/iniestacademy.com\/en\/product\/registration-of-technical-training-institucio-la-farga-sant-cugat\/#breadcrumb\",\"itemListElement\":[{\"@type\":\"ListItem\",\"position\":1,\"name\":\"Portada\",\"item\":\"https:\/\/iniestacademy.com\/en\/home\/\"},{\"@type\":\"ListItem\",\"position\":2,\"name\":\"Courses Iniesta Academy list\",\"item\":\"https:\/\/iniestacademy.com\/en\/courses-iniesta-academy-list\/\"},{\"@type\":\"ListItem\",\"position\":3,\"name\":\"Registration of technical training Instituci\u00f3 La Farga, Sant Cugat\"}]},{\"@type\":\"WebSite\",\"@id\":\"https:\/\/iniestacademy.com\/#website\",\"url\":\"https:\/\/iniestacademy.com\/\",\"name\":\"Iniesta Academy\",\"description\":\"Iniesta methodology academy\",\"publisher\":{\"@id\":\"https:\/\/iniestacademy.com\/#organization\"},\"potentialAction\":[{\"@type\":\"SearchAction\",\"target\":{\"@type\":\"EntryPoint\",\"urlTemplate\":\"https:\/\/iniestacademy.com\/?s={search_term_string}\"},\"query-input\":{\"@type\":\"PropertyValueSpecification\",\"valueRequired\":true,\"valueName\":\"search_term_string\"}}],\"inLanguage\":\"en-US\"},{\"@type\":\"Organization\",\"@id\":\"https:\/\/iniestacademy.com\/#organization\",\"name\":\"Iniesta Academy\",\"url\":\"https:\/\/iniestacademy.com\/\",\"logo\":{\"@type\":\"ImageObject\",\"inLanguage\":\"en-US\",\"@id\":\"https:\/\/iniestacademy.com\/#\/schema\/logo\/image\/\",\"url\":\"https:\/\/iniestacademy.com\/wp-content\/uploads\/2022\/10\/Logo-Header-1.svg\",\"contentUrl\":\"https:\/\/iniestacademy.com\/wp-content\/uploads\/2022\/10\/Logo-Header-1.svg\",\"width\":208,\"height\":60,\"caption\":\"Iniesta Academy\"},\"image\":{\"@id\":\"https:\/\/iniestacademy.com\/#\/schema\/logo\/image\/\"},\"sameAs\":[\"https:\/\/www.linkedin.com\/company\/iniestacademy\/\",\"https:\/\/www.tiktok.com\/@iniestacademy\",\"https:\/\/www.instagram.com\/iniestacademy\/\"]}]}<\/script>\n<!-- \/ Yoast SEO plugin. -->","yoast_head_json":{"title":"Registration of technical training Instituci\u00f3 La Farga, Sant Cugat - Iniesta Academy","robots":{"index":"index","follow":"follow","max-snippet":"max-snippet:-1","max-image-preview":"max-image-preview:large","max-video-preview":"max-video-preview:-1"},"canonical":"https:\/\/iniestacademy.com\/en\/product\/registration-of-technical-training-institucio-la-farga-sant-cugat\/","og_locale":"en_US","og_type":"article","og_title":"Registration of technical training Instituci\u00f3 La Farga, Sant Cugat - Iniesta Academy","og_description":"Dear families, Iniesta Academy and Institucio La Farga have signed a collaboration agreement. Through this partnership, Iniesta Academy will conduct weekly soccer development sessions based on the values and playing methodology of Andr\u00e9s Iniesta. Iniesta Academy and the Instituci\u00f3 Familiar de Educaci\u00f3 are teaming up to offer sports, educational, and personal training to boys and [&hellip;]","og_url":"https:\/\/iniestacademy.com\/en\/product\/registration-of-technical-training-institucio-la-farga-sant-cugat\/","og_site_name":"Iniesta Academy","article_publisher":"https:\/\/www.linkedin.com\/company\/iniestacademy\/","article_modified_time":"2025-12-26T12:56:42+00:00","og_image":[{"width":1080,"height":1152,"url":"https:\/\/iniestacademy.com\/wp-content\/uploads\/2025\/12\/iniestacademy_background_2.jpeg","type":"image\/jpeg"}],"twitter_card":"summary_large_image","twitter_misc":{"Est. reading time":"1 minute"},"schema":{"@context":"https:\/\/schema.org","@graph":[{"@type":"WebPage","@id":"https:\/\/iniestacademy.com\/en\/product\/registration-of-technical-training-institucio-la-farga-sant-cugat\/","url":"https:\/\/iniestacademy.com\/en\/product\/registration-of-technical-training-institucio-la-farga-sant-cugat\/","name":"Registration of technical training Instituci\u00f3 La Farga, Sant Cugat - Iniesta Academy","isPartOf":{"@id":"https:\/\/iniestacademy.com\/#website"},"primaryImageOfPage":{"@id":"https:\/\/iniestacademy.com\/en\/product\/registration-of-technical-training-institucio-la-farga-sant-cugat\/#primaryimage"},"image":{"@id":"https:\/\/iniestacademy.com\/en\/product\/registration-of-technical-training-institucio-la-farga-sant-cugat\/#primaryimage"},"thumbnailUrl":"https:\/\/iniestacademy.com\/wp-content\/uploads\/2025\/12\/iniestacademy_background_2.jpeg","datePublished":"2025-09-03T08:45:58+00:00","dateModified":"2025-12-26T12:56:42+00:00","breadcrumb":{"@id":"https:\/\/iniestacademy.com\/en\/product\/registration-of-technical-training-institucio-la-farga-sant-cugat\/#breadcrumb"},"inLanguage":"en-US","potentialAction":[{"@type":"ReadAction","target":["https:\/\/iniestacademy.com\/en\/product\/registration-of-technical-training-institucio-la-farga-sant-cugat\/"]}]},{"@type":"ImageObject","inLanguage":"en-US","@id":"https:\/\/iniestacademy.com\/en\/product\/registration-of-technical-training-institucio-la-farga-sant-cugat\/#primaryimage","url":"https:\/\/iniestacademy.com\/wp-content\/uploads\/2025\/12\/iniestacademy_background_2.jpeg","contentUrl":"https:\/\/iniestacademy.com\/wp-content\/uploads\/2025\/12\/iniestacademy_background_2.jpeg","width":1080,"height":1152},{"@type":"BreadcrumbList","@id":"https:\/\/iniestacademy.com\/en\/product\/registration-of-technical-training-institucio-la-farga-sant-cugat\/#breadcrumb","itemListElement":[{"@type":"ListItem","position":1,"name":"Portada","item":"https:\/\/iniestacademy.com\/en\/home\/"},{"@type":"ListItem","position":2,"name":"Courses Iniesta Academy list","item":"https:\/\/iniestacademy.com\/en\/courses-iniesta-academy-list\/"},{"@type":"ListItem","position":3,"name":"Registration of technical training Instituci\u00f3 La Farga, Sant Cugat"}]},{"@type":"WebSite","@id":"https:\/\/iniestacademy.com\/#website","url":"https:\/\/iniestacademy.com\/","name":"Iniesta Academy","description":"Iniesta methodology academy","publisher":{"@id":"https:\/\/iniestacademy.com\/#organization"},"potentialAction":[{"@type":"SearchAction","target":{"@type":"EntryPoint","urlTemplate":"https:\/\/iniestacademy.com\/?s={search_term_string}"},"query-input":{"@type":"PropertyValueSpecification","valueRequired":true,"valueName":"search_term_string"}}],"inLanguage":"en-US"},{"@type":"Organization","@id":"https:\/\/iniestacademy.com\/#organization","name":"Iniesta Academy","url":"https:\/\/iniestacademy.com\/","logo":{"@type":"ImageObject","inLanguage":"en-US","@id":"https:\/\/iniestacademy.com\/#\/schema\/logo\/image\/","url":"https:\/\/iniestacademy.com\/wp-content\/uploads\/2022\/10\/Logo-Header-1.svg","contentUrl":"https:\/\/iniestacademy.com\/wp-content\/uploads\/2022\/10\/Logo-Header-1.svg","width":208,"height":60,"caption":"Iniesta Academy"},"image":{"@id":"https:\/\/iniestacademy.com\/#\/schema\/logo\/image\/"},"sameAs":["https:\/\/www.linkedin.com\/company\/iniestacademy\/","https:\/\/www.tiktok.com\/@iniestacademy","https:\/\/www.instagram.com\/iniestacademy\/"]}]}},"_links":{"self":[{"href":"https:\/\/iniestacademy.com\/en\/wp-json\/wp\/v2\/product\/19168","targetHints":{"allow":["GET"]}}],"collection":[{"href":"https:\/\/iniestacademy.com\/en\/wp-json\/wp\/v2\/product"}],"about":[{"href":"https:\/\/iniestacademy.com\/en\/wp-json\/wp\/v2\/types\/product"}],"replies":[{"embeddable":true,"href":"https:\/\/iniestacademy.com\/en\/wp-json\/wp\/v2\/comments?post=19168"}],"version-history":[{"count":4,"href":"https:\/\/iniestacademy.com\/en\/wp-json\/wp\/v2\/product\/19168\/revisions"}],"predecessor-version":[{"id":19506,"href":"https:\/\/iniestacademy.com\/en\/wp-json\/wp\/v2\/product\/19168\/revisions\/19506"}],"wp:featuredmedia":[{"embeddable":true,"href":"https:\/\/iniestacademy.com\/en\/wp-json\/wp\/v2\/media\/19451"}],"wp:attachment":[{"href":"https:\/\/iniestacademy.com\/en\/wp-json\/wp\/v2\/media?parent=19168"}],"wp:term":[{"taxonomy":"product_brand","embeddable":true,"href":"https:\/\/iniestacademy.com\/en\/wp-json\/wp\/v2\/product_brand?post=19168"},{"taxonomy":"product_cat","embeddable":true,"href":"https:\/\/iniestacademy.com\/en\/wp-json\/wp\/v2\/product_cat?post=19168"},{"taxonomy":"product_tag","embeddable":true,"href":"https:\/\/iniestacademy.com\/en\/wp-json\/wp\/v2\/product_tag?post=19168"}],"curies":[{"name":"wp","href":"https:\/\/api.w.org\/{rel}","templated":true}]}}