{"id":19126,"date":"2025-09-03T07:53:49","date_gmt":"2025-09-03T07:53:49","guid":{"rendered":"https:\/\/iniestacademy.com\/?post_type=product&#038;p=19126"},"modified":"2025-12-26T13:02:09","modified_gmt":"2025-12-26T13:02:09","slug":"matricula-tecnificaciones-institucio-igualada","status":"publish","type":"product","link":"https:\/\/iniestacademy.com\/en\/product\/matricula-tecnificaciones-institucio-igualada\/","title":{"rendered":"Registration for technical training at Igualada Institution"},"content":{"rendered":"<div>Dear families,<\/div>\n<div>\n<div><\/div>\n<div><strong><a href=\"https:\/\/iniestacademy.institucio.org\/\" target=\"_blank\" rel=\"noopener\">Iniesta Academy<\/a><\/strong> and <strong><a href=\"https:\/\/igualada.institucio.org\/es\/\" target=\"_blank\" rel=\"noopener\">Institucio Igualada<\/a><\/strong> have signed a collaboration agreement. Through this link, Iniesta Academy will conduct weekly football improvement sessions based on the values and playing methodology of Andr\u00e9s Iniesta. <\/div>\n<div><\/div>\n<div>Iniesta Academy and the Instituci\u00f3 Familiar de Educaci\u00f3 are teaming up to offer sports, educational, and personal training to boys and girls ages 5 to 16 through football and a combination of the methodologies of both organizations.<\/div>\n<div><\/div>\n<div><strong>START DATE:<\/strong><br \/>\nSessions will begin on Wednesday <strong>September 17.<\/strong><\/div>\n<div><\/div>\n<div><strong><br \/>SCHEDULE:<\/strong><\/div>\n<div>Every <strong>Wednesday<\/strong>, 5:30 PM &#8211; 6:45 PM (U5-10) \/\/ 7:00 PM &#8211; 8:30 PM (U11-U16) at the Espai Montclar-Mestral facilities.<\/div>\n<\/div>\n","protected":false},"excerpt":{"rendered":"<p>Dear families, Iniesta Academy and Institucio Igualada have signed a collaboration agreement. Through this link, Iniesta Academy will conduct weekly football improvement sessions based on the values and playing methodology of Andr\u00e9s Iniesta. Iniesta Academy and the Instituci\u00f3 Familiar de Educaci\u00f3 are teaming up to offer sports, educational, and personal training to boys and girls [&hellip;]<\/p>\n","protected":false},"featured_media":19454,"comment_status":"closed","ping_status":"closed","template":"","meta":{"_acf_changed":false,"inline_featured_image":false},"product_brand":[],"product_cat":[252],"product_tag":[260],"class_list":{"0":"post-19126","1":"product","2":"type-product","3":"status-publish","4":"has-post-thumbnail","6":"product_cat-merchandising-en","7":"product_tag-inscripcion-igualada-en","9":"first","10":"instock","11":"taxable","12":"shipping-taxable","13":"purchasable","14":"product-type-simple"},"acf":[],"yoast_head":"<!-- This site is optimized with the Yoast SEO plugin v25.3 - https:\/\/yoast.com\/wordpress\/plugins\/seo\/ -->\n<title>Registration for technical training at Igualada Institution - Iniesta Academy<\/title>\n<meta name=\"robots\" content=\"index, follow, max-snippet:-1, max-image-preview:large, max-video-preview:-1\" \/>\n<link rel=\"canonical\" href=\"https:\/\/iniestacademy.com\/en\/product\/matricula-tecnificaciones-institucio-igualada\/\" \/>\n<meta property=\"og:locale\" content=\"en_US\" \/>\n<meta property=\"og:type\" content=\"article\" \/>\n<meta property=\"og:title\" content=\"Registration for technical training at Igualada Institution - Iniesta Academy\" \/>\n<meta property=\"og:description\" content=\"Dear families, Iniesta Academy and Institucio Igualada have signed a collaboration agreement. Through this link, Iniesta Academy will conduct weekly football improvement sessions based on the values and playing methodology of Andr\u00e9s Iniesta. Iniesta Academy and the Instituci\u00f3 Familiar de Educaci\u00f3 are teaming up to offer sports, educational, and personal training to boys and girls [&hellip;]\" \/>\n<meta property=\"og:url\" content=\"https:\/\/iniestacademy.com\/en\/product\/matricula-tecnificaciones-institucio-igualada\/\" \/>\n<meta property=\"og:site_name\" content=\"Iniesta Academy\" \/>\n<meta property=\"article:publisher\" content=\"https:\/\/www.linkedin.com\/company\/iniestacademy\/\" \/>\n<meta property=\"article:modified_time\" content=\"2025-12-26T13:02:09+00:00\" \/>\n<meta property=\"og:image\" content=\"https:\/\/iniestacademy.com\/wp-content\/uploads\/2025\/12\/iniestacademy_background.jpeg\" \/>\n\t<meta property=\"og:image:width\" content=\"900\" \/>\n\t<meta property=\"og:image:height\" content=\"1600\" \/>\n\t<meta property=\"og:image:type\" content=\"image\/jpeg\" \/>\n<meta name=\"twitter:card\" content=\"summary_large_image\" \/>\n<meta name=\"twitter:label1\" content=\"Est. reading time\" \/>\n\t<meta name=\"twitter:data1\" content=\"1 minute\" \/>\n<script type=\"application\/ld+json\" class=\"yoast-schema-graph\">{\"@context\":\"https:\/\/schema.org\",\"@graph\":[{\"@type\":\"WebPage\",\"@id\":\"https:\/\/iniestacademy.com\/en\/product\/matricula-tecnificaciones-institucio-igualada\/\",\"url\":\"https:\/\/iniestacademy.com\/en\/product\/matricula-tecnificaciones-institucio-igualada\/\",\"name\":\"Registration for technical training at Igualada Institution - Iniesta Academy\",\"isPartOf\":{\"@id\":\"https:\/\/iniestacademy.com\/#website\"},\"primaryImageOfPage\":{\"@id\":\"https:\/\/iniestacademy.com\/en\/product\/matricula-tecnificaciones-institucio-igualada\/#primaryimage\"},\"image\":{\"@id\":\"https:\/\/iniestacademy.com\/en\/product\/matricula-tecnificaciones-institucio-igualada\/#primaryimage\"},\"thumbnailUrl\":\"https:\/\/iniestacademy.com\/wp-content\/uploads\/2025\/12\/iniestacademy_background.jpeg\",\"datePublished\":\"2025-09-03T07:53:49+00:00\",\"dateModified\":\"2025-12-26T13:02:09+00:00\",\"breadcrumb\":{\"@id\":\"https:\/\/iniestacademy.com\/en\/product\/matricula-tecnificaciones-institucio-igualada\/#breadcrumb\"},\"inLanguage\":\"en-US\",\"potentialAction\":[{\"@type\":\"ReadAction\",\"target\":[\"https:\/\/iniestacademy.com\/en\/product\/matricula-tecnificaciones-institucio-igualada\/\"]}]},{\"@type\":\"ImageObject\",\"inLanguage\":\"en-US\",\"@id\":\"https:\/\/iniestacademy.com\/en\/product\/matricula-tecnificaciones-institucio-igualada\/#primaryimage\",\"url\":\"https:\/\/iniestacademy.com\/wp-content\/uploads\/2025\/12\/iniestacademy_background.jpeg\",\"contentUrl\":\"https:\/\/iniestacademy.com\/wp-content\/uploads\/2025\/12\/iniestacademy_background.jpeg\",\"width\":900,\"height\":1600},{\"@type\":\"BreadcrumbList\",\"@id\":\"https:\/\/iniestacademy.com\/en\/product\/matricula-tecnificaciones-institucio-igualada\/#breadcrumb\",\"itemListElement\":[{\"@type\":\"ListItem\",\"position\":1,\"name\":\"Portada\",\"item\":\"https:\/\/iniestacademy.com\/en\/home\/\"},{\"@type\":\"ListItem\",\"position\":2,\"name\":\"Courses Iniesta Academy list\",\"item\":\"https:\/\/iniestacademy.com\/en\/courses-iniesta-academy-list\/\"},{\"@type\":\"ListItem\",\"position\":3,\"name\":\"Registration for technical training at Igualada Institution\"}]},{\"@type\":\"WebSite\",\"@id\":\"https:\/\/iniestacademy.com\/#website\",\"url\":\"https:\/\/iniestacademy.com\/\",\"name\":\"Iniesta Academy\",\"description\":\"Iniesta methodology academy\",\"publisher\":{\"@id\":\"https:\/\/iniestacademy.com\/#organization\"},\"potentialAction\":[{\"@type\":\"SearchAction\",\"target\":{\"@type\":\"EntryPoint\",\"urlTemplate\":\"https:\/\/iniestacademy.com\/?s={search_term_string}\"},\"query-input\":{\"@type\":\"PropertyValueSpecification\",\"valueRequired\":true,\"valueName\":\"search_term_string\"}}],\"inLanguage\":\"en-US\"},{\"@type\":\"Organization\",\"@id\":\"https:\/\/iniestacademy.com\/#organization\",\"name\":\"Iniesta Academy\",\"url\":\"https:\/\/iniestacademy.com\/\",\"logo\":{\"@type\":\"ImageObject\",\"inLanguage\":\"en-US\",\"@id\":\"https:\/\/iniestacademy.com\/#\/schema\/logo\/image\/\",\"url\":\"https:\/\/iniestacademy.com\/wp-content\/uploads\/2022\/10\/Logo-Header-1.svg\",\"contentUrl\":\"https:\/\/iniestacademy.com\/wp-content\/uploads\/2022\/10\/Logo-Header-1.svg\",\"width\":208,\"height\":60,\"caption\":\"Iniesta Academy\"},\"image\":{\"@id\":\"https:\/\/iniestacademy.com\/#\/schema\/logo\/image\/\"},\"sameAs\":[\"https:\/\/www.linkedin.com\/company\/iniestacademy\/\",\"https:\/\/www.tiktok.com\/@iniestacademy\",\"https:\/\/www.instagram.com\/iniestacademy\/\"]}]}<\/script>\n<!-- \/ Yoast SEO plugin. -->","yoast_head_json":{"title":"Registration for technical training at Igualada Institution - Iniesta Academy","robots":{"index":"index","follow":"follow","max-snippet":"max-snippet:-1","max-image-preview":"max-image-preview:large","max-video-preview":"max-video-preview:-1"},"canonical":"https:\/\/iniestacademy.com\/en\/product\/matricula-tecnificaciones-institucio-igualada\/","og_locale":"en_US","og_type":"article","og_title":"Registration for technical training at Igualada Institution - Iniesta Academy","og_description":"Dear families, Iniesta Academy and Institucio Igualada have signed a collaboration agreement. Through this link, Iniesta Academy will conduct weekly football improvement sessions based on the values and playing methodology of Andr\u00e9s Iniesta. Iniesta Academy and the Instituci\u00f3 Familiar de Educaci\u00f3 are teaming up to offer sports, educational, and personal training to boys and girls [&hellip;]","og_url":"https:\/\/iniestacademy.com\/en\/product\/matricula-tecnificaciones-institucio-igualada\/","og_site_name":"Iniesta Academy","article_publisher":"https:\/\/www.linkedin.com\/company\/iniestacademy\/","article_modified_time":"2025-12-26T13:02:09+00:00","og_image":[{"width":900,"height":1600,"url":"https:\/\/iniestacademy.com\/wp-content\/uploads\/2025\/12\/iniestacademy_background.jpeg","type":"image\/jpeg"}],"twitter_card":"summary_large_image","twitter_misc":{"Est. reading time":"1 minute"},"schema":{"@context":"https:\/\/schema.org","@graph":[{"@type":"WebPage","@id":"https:\/\/iniestacademy.com\/en\/product\/matricula-tecnificaciones-institucio-igualada\/","url":"https:\/\/iniestacademy.com\/en\/product\/matricula-tecnificaciones-institucio-igualada\/","name":"Registration for technical training at Igualada Institution - Iniesta Academy","isPartOf":{"@id":"https:\/\/iniestacademy.com\/#website"},"primaryImageOfPage":{"@id":"https:\/\/iniestacademy.com\/en\/product\/matricula-tecnificaciones-institucio-igualada\/#primaryimage"},"image":{"@id":"https:\/\/iniestacademy.com\/en\/product\/matricula-tecnificaciones-institucio-igualada\/#primaryimage"},"thumbnailUrl":"https:\/\/iniestacademy.com\/wp-content\/uploads\/2025\/12\/iniestacademy_background.jpeg","datePublished":"2025-09-03T07:53:49+00:00","dateModified":"2025-12-26T13:02:09+00:00","breadcrumb":{"@id":"https:\/\/iniestacademy.com\/en\/product\/matricula-tecnificaciones-institucio-igualada\/#breadcrumb"},"inLanguage":"en-US","potentialAction":[{"@type":"ReadAction","target":["https:\/\/iniestacademy.com\/en\/product\/matricula-tecnificaciones-institucio-igualada\/"]}]},{"@type":"ImageObject","inLanguage":"en-US","@id":"https:\/\/iniestacademy.com\/en\/product\/matricula-tecnificaciones-institucio-igualada\/#primaryimage","url":"https:\/\/iniestacademy.com\/wp-content\/uploads\/2025\/12\/iniestacademy_background.jpeg","contentUrl":"https:\/\/iniestacademy.com\/wp-content\/uploads\/2025\/12\/iniestacademy_background.jpeg","width":900,"height":1600},{"@type":"BreadcrumbList","@id":"https:\/\/iniestacademy.com\/en\/product\/matricula-tecnificaciones-institucio-igualada\/#breadcrumb","itemListElement":[{"@type":"ListItem","position":1,"name":"Portada","item":"https:\/\/iniestacademy.com\/en\/home\/"},{"@type":"ListItem","position":2,"name":"Courses Iniesta Academy list","item":"https:\/\/iniestacademy.com\/en\/courses-iniesta-academy-list\/"},{"@type":"ListItem","position":3,"name":"Registration for technical training at Igualada Institution"}]},{"@type":"WebSite","@id":"https:\/\/iniestacademy.com\/#website","url":"https:\/\/iniestacademy.com\/","name":"Iniesta Academy","description":"Iniesta methodology academy","publisher":{"@id":"https:\/\/iniestacademy.com\/#organization"},"potentialAction":[{"@type":"SearchAction","target":{"@type":"EntryPoint","urlTemplate":"https:\/\/iniestacademy.com\/?s={search_term_string}"},"query-input":{"@type":"PropertyValueSpecification","valueRequired":true,"valueName":"search_term_string"}}],"inLanguage":"en-US"},{"@type":"Organization","@id":"https:\/\/iniestacademy.com\/#organization","name":"Iniesta Academy","url":"https:\/\/iniestacademy.com\/","logo":{"@type":"ImageObject","inLanguage":"en-US","@id":"https:\/\/iniestacademy.com\/#\/schema\/logo\/image\/","url":"https:\/\/iniestacademy.com\/wp-content\/uploads\/2022\/10\/Logo-Header-1.svg","contentUrl":"https:\/\/iniestacademy.com\/wp-content\/uploads\/2022\/10\/Logo-Header-1.svg","width":208,"height":60,"caption":"Iniesta Academy"},"image":{"@id":"https:\/\/iniestacademy.com\/#\/schema\/logo\/image\/"},"sameAs":["https:\/\/www.linkedin.com\/company\/iniestacademy\/","https:\/\/www.tiktok.com\/@iniestacademy","https:\/\/www.instagram.com\/iniestacademy\/"]}]}},"_links":{"self":[{"href":"https:\/\/iniestacademy.com\/en\/wp-json\/wp\/v2\/product\/19126","targetHints":{"allow":["GET"]}}],"collection":[{"href":"https:\/\/iniestacademy.com\/en\/wp-json\/wp\/v2\/product"}],"about":[{"href":"https:\/\/iniestacademy.com\/en\/wp-json\/wp\/v2\/types\/product"}],"replies":[{"embeddable":true,"href":"https:\/\/iniestacademy.com\/en\/wp-json\/wp\/v2\/comments?post=19126"}],"version-history":[{"count":4,"href":"https:\/\/iniestacademy.com\/en\/wp-json\/wp\/v2\/product\/19126\/revisions"}],"predecessor-version":[{"id":19513,"href":"https:\/\/iniestacademy.com\/en\/wp-json\/wp\/v2\/product\/19126\/revisions\/19513"}],"wp:featuredmedia":[{"embeddable":true,"href":"https:\/\/iniestacademy.com\/en\/wp-json\/wp\/v2\/media\/19454"}],"wp:attachment":[{"href":"https:\/\/iniestacademy.com\/en\/wp-json\/wp\/v2\/media?parent=19126"}],"wp:term":[{"taxonomy":"product_brand","embeddable":true,"href":"https:\/\/iniestacademy.com\/en\/wp-json\/wp\/v2\/product_brand?post=19126"},{"taxonomy":"product_cat","embeddable":true,"href":"https:\/\/iniestacademy.com\/en\/wp-json\/wp\/v2\/product_cat?post=19126"},{"taxonomy":"product_tag","embeddable":true,"href":"https:\/\/iniestacademy.com\/en\/wp-json\/wp\/v2\/product_tag?post=19126"}],"curies":[{"name":"wp","href":"https:\/\/api.w.org\/{rel}","templated":true}]}}