{"id":3757,"date":"2022-12-28T07:39:39","date_gmt":"2022-12-28T07:39:39","guid":{"rendered":"https:\/\/iniestacademy.com\/?page_id=3757"},"modified":"2025-04-03T20:05:15","modified_gmt":"2025-04-03T20:05:15","slug":"privacy-policy","status":"publish","type":"page","link":"https:\/\/iniestacademy.com\/en\/privacy-policy\/","title":{"rendered":"Privacy Policy"},"content":{"rendered":"\t\t<div data-elementor-type=\"wp-page\" data-elementor-id=\"3757\" class=\"elementor elementor-3757 elementor-1053\" data-elementor-post-type=\"page\">\n\t\t\t\t\t\t<section data-particle_enable=\"false\" data-particle-mobile-disabled=\"false\" class=\"elementor-section elementor-top-section elementor-element elementor-element-03bb4c8 elementor-section-content-middle elementor-section-boxed elementor-section-height-default elementor-section-height-default\" data-id=\"03bb4c8\" data-element_type=\"section\">\n\t\t\t\t\t\t<div class=\"elementor-container elementor-column-gap-default\">\n\t\t\t\t\t<div class=\"elementor-column elementor-col-50 elementor-top-column elementor-element elementor-element-ba579c1\" data-id=\"ba579c1\" data-element_type=\"column\">\n\t\t\t<div class=\"elementor-widget-wrap elementor-element-populated\">\n\t\t\t\t\t\t<div class=\"elementor-element elementor-element-bd981ef elementor-invisible elementor-widget elementor-widget-heading\" data-id=\"bd981ef\" data-element_type=\"widget\" data-settings=\"{&quot;_animation&quot;:&quot;fadeInUp&quot;}\" data-widget_type=\"heading.default\">\n\t\t\t\t<div class=\"elementor-widget-container\">\n\t\t\t\t\t<h1 class=\"elementor-heading-title elementor-size-default\">Privacy Policy<\/h1>\t\t\t\t<\/div>\n\t\t\t\t<\/div>\n\t\t\t\t\t<\/div>\n\t\t<\/div>\n\t\t\t\t<div class=\"elementor-column elementor-col-50 elementor-top-column elementor-element elementor-element-fb521ef elementor-hidden-mobile\" data-id=\"fb521ef\" data-element_type=\"column\">\n\t\t\t<div class=\"elementor-widget-wrap elementor-element-populated\">\n\t\t\t\t\t\t<div class=\"elementor-element elementor-element-ff32e21 elementor-widget-mobile__width-auto elementor-widget elementor-widget-image\" data-id=\"ff32e21\" data-element_type=\"widget\" data-widget_type=\"image.default\">\n\t\t\t\t<div class=\"elementor-widget-container\">\n\t\t\t\t\t\t\t\t\t\t\t\t\t\t\t<img decoding=\"async\" width=\"1\" height=\"1\" src=\"https:\/\/iniestacademy.com\/wp-content\/uploads\/2023\/05\/Frame-4.svg\" class=\"attachment-large size-large wp-image-7441\" alt=\"\" \/>\t\t\t\t\t\t\t\t\t\t\t\t\t\t\t<\/div>\n\t\t\t\t<\/div>\n\t\t\t\t\t<\/div>\n\t\t<\/div>\n\t\t\t\t\t<\/div>\n\t\t<\/section>\n\t\t\t\t<section data-particle_enable=\"false\" data-particle-mobile-disabled=\"false\" class=\"elementor-section elementor-top-section elementor-element elementor-element-25a765b elementor-section-boxed elementor-section-height-default elementor-section-height-default\" data-id=\"25a765b\" data-element_type=\"section\">\n\t\t\t\t\t\t<div class=\"elementor-container elementor-column-gap-default\">\n\t\t\t\t\t<div class=\"elementor-column elementor-col-100 elementor-top-column elementor-element elementor-element-88f6f62\" data-id=\"88f6f62\" data-element_type=\"column\">\n\t\t\t<div class=\"elementor-widget-wrap elementor-element-populated\">\n\t\t\t\t\t\t<div class=\"elementor-element elementor-element-88ea518 text-legal elementor-widget elementor-widget-text-editor\" data-id=\"88ea518\" data-element_type=\"widget\" data-widget_type=\"text-editor.default\">\n\t\t\t\t<div class=\"elementor-widget-container\">\n\t\t\t\t\t\t\t\t\t<p><strong>1\/ Privacy and Security Policy<\/strong><\/p>\n<p>The following information on our Privacy Policy reflects the commitment of AGENCY BY SPORTS AND LIFE, S.L., to maintain and guarantee secure commercial relations through the protection of personal data, guaranteeing the right to privacy of each of the users of our services. In this document we explain how we use the personal data of the users of the website.<\/p>\n<p><strong>2\/ Definition of personal data<\/strong><\/p>\n<p>\u201cPersonal data\u201d shall mean any information relating to an identified or identifiable natural person. This includes, but is not limited to, first name, surname, first name, postal and e-mail address, and telephone number.<\/p>\n<p><strong>3\/ Processing and purposes of the data collected<\/strong><\/p>\n<p>The personal data that you provide when visiting any of our websites or installing our mobile application will be processed in accordance with data protection regulations and will only be collected, processed, and used for lawful, legitimate, and informed purposes. Therefore, we detail all the purposes for which personal data are used by AGENCY BY SPORTS AND LIFE, S.L. as the data controller:<\/p>\n<p><em>By sending contact forms or emails:<br \/><\/em>Purpose: To respond to inquiries and contact the user to resolve any questions or issues.<br \/>Legitimacy: The legitimate basis for processing the data is the execution of the requested pre-contractual measures and\/or the consent provided.<br \/>Retention periods: The data will be retained for the time necessary to respond to the questions raised.<\/p>\n<p><em>Por la introducci\u00f3n del correo electr\u00f3nico para la suscripci\u00f3n al bolet\u00edn de noticias:<\/em><br \/>Finalidad: Remitirle las newsletters solicitadas, as\u00ed como remitirle informaci\u00f3n comercial sobre nuevos productos y servicios.<br \/>Legitimaci\u00f3n: La base leg\u00edtima con la que se tratar\u00e1n los datos reside en la ejecuci\u00f3n de las medidas precontractuales solicitadas y\/o el consentimiento prestado.<br \/>Plazos de conservaci\u00f3n: Los datos ser\u00e1n conservados durante el tiempo necesario para responder a las cuestiones planteadas.<\/p>\n<p><em>By registering as a user:<br \/><\/em>Purpose: To manage your access as a registered user and send you commercial information electronically.<br \/>Legitimacy: The legitimate basis for processing your data is to carry out the requested pre-contractual measures.<br \/>Retention periods: Your data will be retained for the time necessary to comply with relevant legal obligations, such as tax obligations.<\/p>\n<p><em>For transactions:<br \/><\/em>Purpose: To carry out the relevant reservation procedures through the website and to send you commercial information electronically.<br \/>Legal Basis: The legitimate basis for processing your data is the execution of the requested pre-contractual measures and\/or the consent provided.<br \/>Data disclosure to third parties: Your data will be disclosed to banking entities to carry out the relevant financial transactions.<br \/>Retention periods: Your data will be retained for the time necessary to comply with relevant legal obligations, such as tax obligations.<\/p>\n<p>AGENCY BY SPORTS AND LIFE, S.L. will inform all users of the non-obligatory nature of the collection of certain personal data, except in the fields indicated to the contrary. However, failure to fill in said data may prevent AGENCY BY SPORTS AND LIFE, S.L. from providing all those Services linked to such data, releasing us from all responsibility for the non-provision or incomplete provision of these Services.<\/p>\n<p>It is the user\u2019s obligation to provide truthful data and keep them updated, so AGENCY BY SPORTS AND LIFE, S.L. reserves the right to exclude from the services and proceed to cancel the service to any user who has provided false data, without prejudice to other actions that may be applicable by law.<\/p>\n<p>Your personal data will NOT be disclosed to any other company. In the event that it is necessary to communicate your data to another entity, your express consent will be requested before the communication is made.<\/p>\n<p><strong>4\/ Seguridad de sus datos personales<br \/><\/strong><br \/>AGENCY BY SPORTS AND LIFE, S.L. tiene una preocupaci\u00f3n especial por garantizar la seguridad de sus datos personales. Your data are stored in our information systems, where we have adopted and implemented the necessary technical and organisational security measures to prevent any loss or unauthorised use by third parties, for example, our websites use https data encryption protocols.<\/p>\n<p><strong>5\/ Informaci\u00f3n sobre la Utilizaci\u00f3n de cookies<br \/><\/strong><br \/>Por el mero hecho de visitar el presente portal web o utilizar los servicios de AGENCY BY SPORTS AND LIFE, S.L. no queda registrado de forma autom\u00e1tica ning\u00fan dato de car\u00e1cter personal que identifique a un Usuario. However, we inform you that while browsing the Website \u201ccookies\u201d are used, small data files that are generated in the User\u2019s computer and that allow us to obtain the following analytical information:<\/p>\n<p>a) The date and time of access to the Web, which allows us to know the busiest hours, and make the necessary adjustments to avoid saturation problems at our peak hours.<br \/>b) The number of daily visitors to each section, allowing us to know the most successful areas and increase and improve their content, so that users obtain a more satisfactory result and improve the design of the content.<br \/>c) The date and time of the last time the user visited the Website to carry out analytical and statistical studies on the use of the website.<br \/>d) Security elements involved in controlling access to restricted areas.<\/p>\n<p>For more information visit our <a href=\"https:\/\/iniestacademy.com\/en\/cookies-policy\/\"><span style=\"text-decoration: underline;\">cookies policy.<\/span><\/a><\/p>\n<p><strong>6\/ User rights<\/strong><\/p>\n<p>All users may exercise any of the rights granted by data protection regulations, such as the right of access, rectification, restriction of processing, deletion, data portability and objection, by writing to AGENCY BY SPORTS AND LIFE, S.L., located at Via Augusta, 17, principal, 08006, Barcelona, \u200b\u200bor by sending an email to lopd@wearensn.com. If you consider it appropriate, you can file a complaint with the Spanish Data Protection Agency to exercise the protection of your rights.<\/p>\n<p><strong>7\/ Do you not wish to receive information from us, or do you wish to withdraw your consent?<\/strong><\/p>\n<p>Any user may object to the use of their information for advertising, market research or satisfaction survey purposes, and may revoke their consent at any time (without retroactive effect). To do this, you must send an email to the address <a href=\"mailto:lopd@wearensn.com\"><span style=\"text-decoration: underline;\">lopd@wearensn.com<\/span><\/a>.<\/p>\n<p>When you receive advertising by e-mail, you may also object from the e-mail by clicking on the link included in the e-mail and following the instructions provided.<\/p>\n<p><strong>8. Changes to the Privacy Policy<\/strong><\/p>\n<p>Our Privacy Policy may be updated due to changes and legal requirements, as well as due to improvements and changes included in the way we offer and provide our services and application utilities. We therefore recommend that you visit and access our Privacy Policy periodically to have access to the latest changes that may have been made. If such changes relate to your consent, you will be sent a separate and independent notice to reactivate your consent.<\/p>\n<p>If during reading you have any questions or concerns about our Privacy Policy or you want to exercise any right or action regarding your personal data, please contact us at the following email address <a href=\"mailto:lopd@wearensn.com\"><span style=\"text-decoration: underline;\">lopd@wearensn.com<\/span><\/a>.<\/p>\n\t\t\t\t\t\t\t\t<\/div>\n\t\t\t\t<\/div>\n\t\t\t\t\t<\/div>\n\t\t<\/div>\n\t\t\t\t\t<\/div>\n\t\t<\/section>\n\t\t\t\t<section data-particle_enable=\"false\" data-particle-mobile-disabled=\"false\" class=\"elementor-section elementor-top-section elementor-element elementor-element-b511ccb elementor-section-full_width elementor-section-stretched elementor-section-height-min-height elementor-section-height-default elementor-section-items-middle\" data-id=\"b511ccb\" data-element_type=\"section\" data-settings=\"{&quot;stretch_section&quot;:&quot;section-stretched&quot;,&quot;background_background&quot;:&quot;classic&quot;}\">\n\t\t\t\t\t\t<div class=\"elementor-container elementor-column-gap-default\">\n\t\t\t\t\t<div class=\"elementor-column elementor-col-100 elementor-top-column elementor-element elementor-element-c7975e0\" data-id=\"c7975e0\" data-element_type=\"column\">\n\t\t\t<div class=\"elementor-widget-wrap elementor-element-populated\">\n\t\t\t\t\t\t<div class=\"elementor-element elementor-element-bf79739 elementor-widget elementor-widget-qi_addons_for_elementor_text_marquee\" data-id=\"bf79739\" data-element_type=\"widget\" data-widget_type=\"qi_addons_for_elementor_text_marquee.default\">\n\t\t\t\t<div class=\"elementor-widget-container\">\n\t\t\t\t\t<div class=\"qodef-shortcode qodef-m qodef-qi-text-marquee qodef-layout--default\">\n\t<div class=\"qodef-m-content\">\n\t\t<div class=\"qodef-m-text qodef-text--original\">\n\t\t\t\t\t\t\t<span class=\"qodef-m-text-item elementor-repeater-item-eeaae20\" ><span style=\"font-weight: 800\">SPONSORS<\/span><\/span>\n\t\t\t\t\t\t\t\t\t\t\t<span class=\"qodef-m-text-item elementor-repeater-item-1df1e07\" >SPONSORS<\/span>\n\t\t\t\t\t\t\t\t\t\t\t<span class=\"qodef-m-text-item elementor-repeater-item-61bc447\" ><span style=\"font-weight: 800\">SPONSORS<\/span><\/span>\n\t\t\t\t\t\t\t\t\t\t\t<span class=\"qodef-m-text-item elementor-repeater-item-0ac8b0c\" >SPONSORS<\/span>\n\t\t\t\t\t\t\t\t\t\t\t<span class=\"qodef-m-text-item elementor-repeater-item-707dfc1\" ><span style=\"font-weight: 800\">SPONSORS<\/span><\/span>\n\t\t\t\t\t\t\t\t\t\t\t<span class=\"qodef-m-text-item elementor-repeater-item-eb0a8f7\" >SPONSORS<\/span>\n\t\t\t\t\t\t\t\t\t\t\t<span class=\"qodef-m-text-item elementor-repeater-item-4cadf86\" ><span style=\"font-weight: 800\">SPONSORS<\/span><\/span>\n\t\t\t\t\t\t\t\t\t\t\t<span class=\"qodef-m-text-item elementor-repeater-item-ab4827d\" >SPONSORS<\/span>\n\t\t\t\t\t\t\t\t\t\t\t<span class=\"qodef-m-text-item elementor-repeater-item-bd5676b\" ><span style=\"font-weight: 800\">SPONSORS<\/span><\/span>\n\t\t\t\t\t\t\t\t\t\t\t<span class=\"qodef-m-text-item elementor-repeater-item-f36211c\" >SPONSORS<\/span>\n\t\t\t\t\t\t\t\t\t\t\t<span class=\"qodef-m-text-item elementor-repeater-item-fd83c56\" ><span style=\"font-weight: 800\">SPONSORS<\/span><\/span>\n\t\t\t\t\t\t\t\t\t\t\t<span class=\"qodef-m-text-item elementor-repeater-item-b7911d7\" >SPONSORS<\/span>\n\t\t\t\t\t\t\t\t\t<\/div>\n\t\t<div class=\"qodef-m-text qodef-text--copy\">\n\t\t\t\t\t\t\t<span class=\"qodef-m-text-item elementor-repeater-item-eeaae20\" ><span style=\"font-weight: 800\">SPONSORS<\/span><\/span>\n\t\t\t\t\t\t\t\t\t\t\t<span class=\"qodef-m-text-item elementor-repeater-item-1df1e07\" >SPONSORS<\/span>\n\t\t\t\t\t\t\t\t\t\t\t<span class=\"qodef-m-text-item elementor-repeater-item-61bc447\" ><span style=\"font-weight: 800\">SPONSORS<\/span><\/span>\n\t\t\t\t\t\t\t\t\t\t\t<span class=\"qodef-m-text-item elementor-repeater-item-0ac8b0c\" >SPONSORS<\/span>\n\t\t\t\t\t\t\t\t\t\t\t<span class=\"qodef-m-text-item elementor-repeater-item-707dfc1\" ><span style=\"font-weight: 800\">SPONSORS<\/span><\/span>\n\t\t\t\t\t\t\t\t\t\t\t<span class=\"qodef-m-text-item elementor-repeater-item-eb0a8f7\" >SPONSORS<\/span>\n\t\t\t\t\t\t\t\t\t\t\t<span class=\"qodef-m-text-item elementor-repeater-item-4cadf86\" ><span style=\"font-weight: 800\">SPONSORS<\/span><\/span>\n\t\t\t\t\t\t\t\t\t\t\t<span class=\"qodef-m-text-item elementor-repeater-item-ab4827d\" >SPONSORS<\/span>\n\t\t\t\t\t\t\t\t\t\t\t<span class=\"qodef-m-text-item elementor-repeater-item-bd5676b\" ><span style=\"font-weight: 800\">SPONSORS<\/span><\/span>\n\t\t\t\t\t\t\t\t\t\t\t<span class=\"qodef-m-text-item elementor-repeater-item-f36211c\" >SPONSORS<\/span>\n\t\t\t\t\t\t\t\t\t\t\t<span class=\"qodef-m-text-item elementor-repeater-item-fd83c56\" ><span style=\"font-weight: 800\">SPONSORS<\/span><\/span>\n\t\t\t\t\t\t\t\t\t\t\t<span class=\"qodef-m-text-item elementor-repeater-item-b7911d7\" >SPONSORS<\/span>\n\t\t\t\t\t\t\t\t\t<\/div>\n\t<\/div>\n<\/div>\n\t\t\t\t<\/div>\n\t\t\t\t<\/div>\n\t\t\t\t\t<\/div>\n\t\t<\/div>\n\t\t\t\t\t<\/div>\n\t\t<\/section>\n\t\t\t\t<\/div>\n\t\t","protected":false},"excerpt":{"rendered":"<p>Privacy Policy 1\/ Privacy and Security Policy The following information on our Privacy Policy reflects the commitment of AGENCY BY SPORTS AND LIFE, S.L., to maintain and guarantee secure commercial relations through the protection of personal data, guaranteeing the right to privacy of each of the users of our services. In this document we explain [&hellip;]<\/p>\n","protected":false},"author":1,"featured_media":0,"parent":0,"menu_order":0,"comment_status":"closed","ping_status":"closed","template":"elementor_header_footer","meta":{"_acf_changed":false,"inline_featured_image":false,"footnotes":""},"class_list":["post-3757","page","type-page","status-publish","hentry"],"acf":[],"yoast_head":"<!-- This site is optimized with the Yoast SEO plugin v25.3 - https:\/\/yoast.com\/wordpress\/plugins\/seo\/ -->\n<title>Privacy Policy - Iniesta Academy<\/title>\n<meta name=\"description\" content=\"Consulta nuestra pol\u00edtica de privacidad y protege tus datos personales en Iniesta Academy. \u00a1Conf\u00eda en nosotros!\" \/>\n<meta name=\"robots\" content=\"index, follow, max-snippet:-1, max-image-preview:large, max-video-preview:-1\" \/>\n<link rel=\"canonical\" href=\"https:\/\/iniestacademy.com\/en\/privacy-policy\/\" \/>\n<meta property=\"og:locale\" content=\"en_US\" \/>\n<meta property=\"og:type\" content=\"article\" \/>\n<meta property=\"og:title\" content=\"Privacy Policy - Iniesta Academy\" \/>\n<meta property=\"og:description\" content=\"Consulta nuestra pol\u00edtica de privacidad y protege tus datos personales en Iniesta Academy. \u00a1Conf\u00eda en nosotros!\" \/>\n<meta property=\"og:url\" content=\"https:\/\/iniestacademy.com\/en\/privacy-policy\/\" \/>\n<meta property=\"og:site_name\" content=\"Iniesta Academy\" \/>\n<meta property=\"article:publisher\" content=\"https:\/\/www.linkedin.com\/company\/iniestacademy\/\" \/>\n<meta property=\"article:modified_time\" content=\"2025-04-03T20:05:15+00:00\" \/>\n<meta name=\"twitter:card\" content=\"summary_large_image\" \/>\n<meta name=\"twitter:label1\" content=\"Est. reading time\" \/>\n\t<meta name=\"twitter:data1\" content=\"6 minutes\" \/>\n<script type=\"application\/ld+json\" class=\"yoast-schema-graph\">{\"@context\":\"https:\/\/schema.org\",\"@graph\":[{\"@type\":\"WebPage\",\"@id\":\"https:\/\/iniestacademy.com\/en\/privacy-policy\/\",\"url\":\"https:\/\/iniestacademy.com\/en\/privacy-policy\/\",\"name\":\"Privacy Policy - Iniesta Academy\",\"isPartOf\":{\"@id\":\"https:\/\/iniestacademy.com\/#website\"},\"primaryImageOfPage\":{\"@id\":\"https:\/\/iniestacademy.com\/en\/privacy-policy\/#primaryimage\"},\"image\":{\"@id\":\"https:\/\/iniestacademy.com\/en\/privacy-policy\/#primaryimage\"},\"thumbnailUrl\":\"https:\/\/iniestacademy.com\/wp-content\/uploads\/2023\/05\/Frame-4.svg\",\"datePublished\":\"2022-12-28T07:39:39+00:00\",\"dateModified\":\"2025-04-03T20:05:15+00:00\",\"description\":\"Consulta nuestra pol\u00edtica de privacidad y protege tus datos personales en Iniesta Academy. \u00a1Conf\u00eda en nosotros!\",\"breadcrumb\":{\"@id\":\"https:\/\/iniestacademy.com\/en\/privacy-policy\/#breadcrumb\"},\"inLanguage\":\"en-US\",\"potentialAction\":[{\"@type\":\"ReadAction\",\"target\":[\"https:\/\/iniestacademy.com\/en\/privacy-policy\/\"]}]},{\"@type\":\"ImageObject\",\"inLanguage\":\"en-US\",\"@id\":\"https:\/\/iniestacademy.com\/en\/privacy-policy\/#primaryimage\",\"url\":\"https:\/\/iniestacademy.com\/wp-content\/uploads\/2023\/05\/Frame-4.svg\",\"contentUrl\":\"https:\/\/iniestacademy.com\/wp-content\/uploads\/2023\/05\/Frame-4.svg\"},{\"@type\":\"BreadcrumbList\",\"@id\":\"https:\/\/iniestacademy.com\/en\/privacy-policy\/#breadcrumb\",\"itemListElement\":[{\"@type\":\"ListItem\",\"position\":1,\"name\":\"Portada\",\"item\":\"https:\/\/iniestacademy.com\/en\/home\/\"},{\"@type\":\"ListItem\",\"position\":2,\"name\":\"Privacy Policy\"}]},{\"@type\":\"WebSite\",\"@id\":\"https:\/\/iniestacademy.com\/#website\",\"url\":\"https:\/\/iniestacademy.com\/\",\"name\":\"Iniesta Academy\",\"description\":\"Iniesta methodology academy\",\"publisher\":{\"@id\":\"https:\/\/iniestacademy.com\/#organization\"},\"potentialAction\":[{\"@type\":\"SearchAction\",\"target\":{\"@type\":\"EntryPoint\",\"urlTemplate\":\"https:\/\/iniestacademy.com\/?s={search_term_string}\"},\"query-input\":{\"@type\":\"PropertyValueSpecification\",\"valueRequired\":true,\"valueName\":\"search_term_string\"}}],\"inLanguage\":\"en-US\"},{\"@type\":\"Organization\",\"@id\":\"https:\/\/iniestacademy.com\/#organization\",\"name\":\"Iniesta Academy\",\"url\":\"https:\/\/iniestacademy.com\/\",\"logo\":{\"@type\":\"ImageObject\",\"inLanguage\":\"en-US\",\"@id\":\"https:\/\/iniestacademy.com\/#\/schema\/logo\/image\/\",\"url\":\"https:\/\/iniestacademy.com\/wp-content\/uploads\/2022\/10\/Logo-Header-1.svg\",\"contentUrl\":\"https:\/\/iniestacademy.com\/wp-content\/uploads\/2022\/10\/Logo-Header-1.svg\",\"width\":208,\"height\":60,\"caption\":\"Iniesta Academy\"},\"image\":{\"@id\":\"https:\/\/iniestacademy.com\/#\/schema\/logo\/image\/\"},\"sameAs\":[\"https:\/\/www.linkedin.com\/company\/iniestacademy\/\",\"https:\/\/www.tiktok.com\/@iniestacademy\",\"https:\/\/www.instagram.com\/iniestacademy\/\"]}]}<\/script>\n<!-- \/ Yoast SEO plugin. -->","yoast_head_json":{"title":"Privacy Policy - Iniesta Academy","description":"Consulta nuestra pol\u00edtica de privacidad y protege tus datos personales en Iniesta Academy. \u00a1Conf\u00eda en nosotros!","robots":{"index":"index","follow":"follow","max-snippet":"max-snippet:-1","max-image-preview":"max-image-preview:large","max-video-preview":"max-video-preview:-1"},"canonical":"https:\/\/iniestacademy.com\/en\/privacy-policy\/","og_locale":"en_US","og_type":"article","og_title":"Privacy Policy - Iniesta Academy","og_description":"Consulta nuestra pol\u00edtica de privacidad y protege tus datos personales en Iniesta Academy. \u00a1Conf\u00eda en nosotros!","og_url":"https:\/\/iniestacademy.com\/en\/privacy-policy\/","og_site_name":"Iniesta Academy","article_publisher":"https:\/\/www.linkedin.com\/company\/iniestacademy\/","article_modified_time":"2025-04-03T20:05:15+00:00","twitter_card":"summary_large_image","twitter_misc":{"Est. reading time":"6 minutes"},"schema":{"@context":"https:\/\/schema.org","@graph":[{"@type":"WebPage","@id":"https:\/\/iniestacademy.com\/en\/privacy-policy\/","url":"https:\/\/iniestacademy.com\/en\/privacy-policy\/","name":"Privacy Policy - Iniesta Academy","isPartOf":{"@id":"https:\/\/iniestacademy.com\/#website"},"primaryImageOfPage":{"@id":"https:\/\/iniestacademy.com\/en\/privacy-policy\/#primaryimage"},"image":{"@id":"https:\/\/iniestacademy.com\/en\/privacy-policy\/#primaryimage"},"thumbnailUrl":"https:\/\/iniestacademy.com\/wp-content\/uploads\/2023\/05\/Frame-4.svg","datePublished":"2022-12-28T07:39:39+00:00","dateModified":"2025-04-03T20:05:15+00:00","description":"Consulta nuestra pol\u00edtica de privacidad y protege tus datos personales en Iniesta Academy. \u00a1Conf\u00eda en nosotros!","breadcrumb":{"@id":"https:\/\/iniestacademy.com\/en\/privacy-policy\/#breadcrumb"},"inLanguage":"en-US","potentialAction":[{"@type":"ReadAction","target":["https:\/\/iniestacademy.com\/en\/privacy-policy\/"]}]},{"@type":"ImageObject","inLanguage":"en-US","@id":"https:\/\/iniestacademy.com\/en\/privacy-policy\/#primaryimage","url":"https:\/\/iniestacademy.com\/wp-content\/uploads\/2023\/05\/Frame-4.svg","contentUrl":"https:\/\/iniestacademy.com\/wp-content\/uploads\/2023\/05\/Frame-4.svg"},{"@type":"BreadcrumbList","@id":"https:\/\/iniestacademy.com\/en\/privacy-policy\/#breadcrumb","itemListElement":[{"@type":"ListItem","position":1,"name":"Portada","item":"https:\/\/iniestacademy.com\/en\/home\/"},{"@type":"ListItem","position":2,"name":"Privacy Policy"}]},{"@type":"WebSite","@id":"https:\/\/iniestacademy.com\/#website","url":"https:\/\/iniestacademy.com\/","name":"Iniesta Academy","description":"Iniesta methodology academy","publisher":{"@id":"https:\/\/iniestacademy.com\/#organization"},"potentialAction":[{"@type":"SearchAction","target":{"@type":"EntryPoint","urlTemplate":"https:\/\/iniestacademy.com\/?s={search_term_string}"},"query-input":{"@type":"PropertyValueSpecification","valueRequired":true,"valueName":"search_term_string"}}],"inLanguage":"en-US"},{"@type":"Organization","@id":"https:\/\/iniestacademy.com\/#organization","name":"Iniesta Academy","url":"https:\/\/iniestacademy.com\/","logo":{"@type":"ImageObject","inLanguage":"en-US","@id":"https:\/\/iniestacademy.com\/#\/schema\/logo\/image\/","url":"https:\/\/iniestacademy.com\/wp-content\/uploads\/2022\/10\/Logo-Header-1.svg","contentUrl":"https:\/\/iniestacademy.com\/wp-content\/uploads\/2022\/10\/Logo-Header-1.svg","width":208,"height":60,"caption":"Iniesta Academy"},"image":{"@id":"https:\/\/iniestacademy.com\/#\/schema\/logo\/image\/"},"sameAs":["https:\/\/www.linkedin.com\/company\/iniestacademy\/","https:\/\/www.tiktok.com\/@iniestacademy","https:\/\/www.instagram.com\/iniestacademy\/"]}]}},"_links":{"self":[{"href":"https:\/\/iniestacademy.com\/en\/wp-json\/wp\/v2\/pages\/3757","targetHints":{"allow":["GET"]}}],"collection":[{"href":"https:\/\/iniestacademy.com\/en\/wp-json\/wp\/v2\/pages"}],"about":[{"href":"https:\/\/iniestacademy.com\/en\/wp-json\/wp\/v2\/types\/page"}],"author":[{"embeddable":true,"href":"https:\/\/iniestacademy.com\/en\/wp-json\/wp\/v2\/users\/1"}],"replies":[{"embeddable":true,"href":"https:\/\/iniestacademy.com\/en\/wp-json\/wp\/v2\/comments?post=3757"}],"version-history":[{"count":11,"href":"https:\/\/iniestacademy.com\/en\/wp-json\/wp\/v2\/pages\/3757\/revisions"}],"predecessor-version":[{"id":17899,"href":"https:\/\/iniestacademy.com\/en\/wp-json\/wp\/v2\/pages\/3757\/revisions\/17899"}],"wp:attachment":[{"href":"https:\/\/iniestacademy.com\/en\/wp-json\/wp\/v2\/media?parent=3757"}],"curies":[{"name":"wp","href":"https:\/\/api.w.org\/{rel}","templated":true}]}}