{"id":19285,"date":"2025-11-06T16:43:22","date_gmt":"2025-11-06T16:43:22","guid":{"rendered":"https:\/\/iniestacademy.com\/?post_type=product&#038;p=19285"},"modified":"2025-11-10T14:28:18","modified_gmt":"2025-11-10T14:28:18","slug":"matricula-tecnificacions-cf-les-franqueses","status":"publish","type":"product","link":"https:\/\/iniestacademy.com\/ca\/product\/matricula-tecnificacions-cf-les-franqueses\/","title":{"rendered":"Matr\u00edcula tecnificacions CF Les Franqueses"},"content":{"rendered":"<div>Benvolgudes fam\u00edlies,<\/div>\n<div><\/div>\n<div>Iniesta Academy i el <a href=\"https:\/\/www.cflesfranqueses.cat\/\" target=\"_blank\" rel=\"noopener\">CF Les Franqueses<\/a> han signat un acord de col\u00b7laboraci\u00f3. Mitjan\u00e7ant aquest vincle, Iniesta Academy dur\u00e0 a terme sessions setmanals de perfeccionament futbol\u00edstic basades en els valors i la metodologia de joc d\u2019Andr\u00e9s Iniesta.<\/div>\n<div><\/div>\n<div>Ambdues entitats s\u2019uneixen per oferir una formaci\u00f3 esportiva, educativa i personal a nens i nenes nascuts entre el 2019 i el 2011 a trav\u00e9s del futbol i la combinaci\u00f3 de les metodologies d\u2019ambdues parts.<\/div>\n<div><\/div>\n<div><strong><b>DATA D\u2019INICI:<\/b><\/strong><br \/>\nLes sessions comen\u00e7aran el diumenge dia 30 de novembre.<\/div>\n<div><\/div>\n<div><strong>HORARI:<\/p>\n<p><\/strong><\/div>\n<div>Cada diumenge,<\/div>\n<div><\/div>\n<div>De 17:00 h a 18:00 h &#8211; primer torn<\/div>\n<div>De 18:15 h a 19:15 h &#8211; segon torn<\/div>\n<div><\/div>\n<div><b>PREU:<\/b><\/div>\n<div><\/div>\n<div>Matr\u00edcula: 75\u202f\u20ac<\/div>\n<div>*Equipaci\u00f3 completa amb la matr\u00edcula (Samarreta, dessuadora, pantal\u00f3 i mitjons).<\/div>\n<div><\/div>\n<div>Mensualitat: 100 \u20ac (Descompte per a jugadors del CF Les Franqueses).<\/div>\n<div>*Quota mensual. Un cop feta la matr\u00edcula, ens posarem en contacte amb vosaltres per informar-vos dels seg\u00fcents passos.<\/div>\n","protected":false},"excerpt":{"rendered":"<p>Benvolgudes fam\u00edlies, Iniesta Academy i el CF Les Franqueses han signat un acord de col\u00b7laboraci\u00f3. Mitjan\u00e7ant aquest vincle, Iniesta Academy dur\u00e0 a terme sessions setmanals de perfeccionament futbol\u00edstic basades en els valors i la metodologia de joc d\u2019Andr\u00e9s Iniesta. Ambdues entitats s\u2019uneixen per oferir una formaci\u00f3 esportiva, educativa i personal a nens i nenes nascuts [&hellip;]<\/p>\n","protected":false},"featured_media":19314,"comment_status":"closed","ping_status":"closed","template":"","meta":{"_acf_changed":false,"inline_featured_image":false},"product_brand":[],"product_cat":[251],"product_tag":[270],"class_list":{"0":"post-19285","1":"product","2":"type-product","3":"status-publish","4":"has-post-thumbnail","6":"product_cat-merchandising-ca","7":"product_tag-inscripcion-franqueses-ca","9":"first","10":"instock","11":"taxable","12":"shipping-taxable","13":"purchasable","14":"product-type-simple"},"acf":[],"yoast_head":"<!-- This site is optimized with the Yoast SEO plugin v25.3 - https:\/\/yoast.com\/wordpress\/plugins\/seo\/ -->\n<title>Matr\u00edcula tecnificacions CF Les Franqueses - Iniesta Academy<\/title>\n<meta name=\"robots\" content=\"index, follow, max-snippet:-1, max-image-preview:large, max-video-preview:-1\" \/>\n<link rel=\"canonical\" href=\"https:\/\/iniestacademy.com\/ca\/product\/matricula-tecnificacions-cf-les-franqueses\/\" \/>\n<meta property=\"og:locale\" content=\"ca_ES\" \/>\n<meta property=\"og:type\" content=\"article\" \/>\n<meta property=\"og:title\" content=\"Matr\u00edcula tecnificacions CF Les Franqueses - Iniesta Academy\" \/>\n<meta property=\"og:description\" content=\"Benvolgudes fam\u00edlies, Iniesta Academy i el CF Les Franqueses han signat un acord de col\u00b7laboraci\u00f3. Mitjan\u00e7ant aquest vincle, Iniesta Academy dur\u00e0 a terme sessions setmanals de perfeccionament futbol\u00edstic basades en els valors i la metodologia de joc d\u2019Andr\u00e9s Iniesta. Ambdues entitats s\u2019uneixen per oferir una formaci\u00f3 esportiva, educativa i personal a nens i nenes nascuts [&hellip;]\" \/>\n<meta property=\"og:url\" content=\"https:\/\/iniestacademy.com\/ca\/product\/matricula-tecnificacions-cf-les-franqueses\/\" \/>\n<meta property=\"og:site_name\" content=\"Iniesta Academy\" \/>\n<meta property=\"article:publisher\" content=\"https:\/\/www.linkedin.com\/company\/iniestacademy\/\" \/>\n<meta property=\"article:modified_time\" content=\"2025-11-10T14:28:18+00:00\" \/>\n<meta property=\"og:image\" content=\"https:\/\/iniestacademy.com\/wp-content\/uploads\/2025\/11\/CF-FRANQUESES-INIESTACADEMY.webp\" \/>\n\t<meta property=\"og:image:width\" content=\"1349\" \/>\n\t<meta property=\"og:image:height\" content=\"900\" \/>\n\t<meta property=\"og:image:type\" content=\"image\/webp\" \/>\n<meta name=\"twitter:card\" content=\"summary_large_image\" \/>\n<meta name=\"twitter:label1\" content=\"Temps estimat de lectura\" \/>\n\t<meta name=\"twitter:data1\" content=\"1 minut\" \/>\n<script type=\"application\/ld+json\" class=\"yoast-schema-graph\">{\"@context\":\"https:\/\/schema.org\",\"@graph\":[{\"@type\":\"WebPage\",\"@id\":\"https:\/\/iniestacademy.com\/ca\/product\/matricula-tecnificacions-cf-les-franqueses\/\",\"url\":\"https:\/\/iniestacademy.com\/ca\/product\/matricula-tecnificacions-cf-les-franqueses\/\",\"name\":\"Matr\u00edcula tecnificacions CF Les Franqueses - Iniesta Academy\",\"isPartOf\":{\"@id\":\"https:\/\/iniestacademy.com\/#website\"},\"primaryImageOfPage\":{\"@id\":\"https:\/\/iniestacademy.com\/ca\/product\/matricula-tecnificacions-cf-les-franqueses\/#primaryimage\"},\"image\":{\"@id\":\"https:\/\/iniestacademy.com\/ca\/product\/matricula-tecnificacions-cf-les-franqueses\/#primaryimage\"},\"thumbnailUrl\":\"https:\/\/iniestacademy.com\/wp-content\/uploads\/2025\/11\/CF-FRANQUESES-INIESTACADEMY.webp\",\"datePublished\":\"2025-11-06T16:43:22+00:00\",\"dateModified\":\"2025-11-10T14:28:18+00:00\",\"breadcrumb\":{\"@id\":\"https:\/\/iniestacademy.com\/ca\/product\/matricula-tecnificacions-cf-les-franqueses\/#breadcrumb\"},\"inLanguage\":\"ca\",\"potentialAction\":[{\"@type\":\"ReadAction\",\"target\":[\"https:\/\/iniestacademy.com\/ca\/product\/matricula-tecnificacions-cf-les-franqueses\/\"]}]},{\"@type\":\"ImageObject\",\"inLanguage\":\"ca\",\"@id\":\"https:\/\/iniestacademy.com\/ca\/product\/matricula-tecnificacions-cf-les-franqueses\/#primaryimage\",\"url\":\"https:\/\/iniestacademy.com\/wp-content\/uploads\/2025\/11\/CF-FRANQUESES-INIESTACADEMY.webp\",\"contentUrl\":\"https:\/\/iniestacademy.com\/wp-content\/uploads\/2025\/11\/CF-FRANQUESES-INIESTACADEMY.webp\",\"width\":1349,\"height\":900},{\"@type\":\"BreadcrumbList\",\"@id\":\"https:\/\/iniestacademy.com\/ca\/product\/matricula-tecnificacions-cf-les-franqueses\/#breadcrumb\",\"itemListElement\":[{\"@type\":\"ListItem\",\"position\":1,\"name\":\"Portada\",\"item\":\"https:\/\/iniestacademy.com\/ca\/better-people-better-players\/\"},{\"@type\":\"ListItem\",\"position\":2,\"name\":\"Cursos Iniesta Academy listado\",\"item\":\"https:\/\/iniestacademy.com\/?page_id=379\"},{\"@type\":\"ListItem\",\"position\":3,\"name\":\"Matr\u00edcula tecnificacions CF Les Franqueses\"}]},{\"@type\":\"WebSite\",\"@id\":\"https:\/\/iniestacademy.com\/#website\",\"url\":\"https:\/\/iniestacademy.com\/\",\"name\":\"Iniesta Academy\",\"description\":\"Iniesta methodology academy\",\"publisher\":{\"@id\":\"https:\/\/iniestacademy.com\/#organization\"},\"potentialAction\":[{\"@type\":\"SearchAction\",\"target\":{\"@type\":\"EntryPoint\",\"urlTemplate\":\"https:\/\/iniestacademy.com\/?s={search_term_string}\"},\"query-input\":{\"@type\":\"PropertyValueSpecification\",\"valueRequired\":true,\"valueName\":\"search_term_string\"}}],\"inLanguage\":\"ca\"},{\"@type\":\"Organization\",\"@id\":\"https:\/\/iniestacademy.com\/#organization\",\"name\":\"Iniesta Academy\",\"url\":\"https:\/\/iniestacademy.com\/\",\"logo\":{\"@type\":\"ImageObject\",\"inLanguage\":\"ca\",\"@id\":\"https:\/\/iniestacademy.com\/#\/schema\/logo\/image\/\",\"url\":\"https:\/\/iniestacademy.com\/wp-content\/uploads\/2022\/10\/Logo-Header-1.svg\",\"contentUrl\":\"https:\/\/iniestacademy.com\/wp-content\/uploads\/2022\/10\/Logo-Header-1.svg\",\"width\":208,\"height\":60,\"caption\":\"Iniesta Academy\"},\"image\":{\"@id\":\"https:\/\/iniestacademy.com\/#\/schema\/logo\/image\/\"},\"sameAs\":[\"https:\/\/www.linkedin.com\/company\/iniestacademy\/\",\"https:\/\/www.tiktok.com\/@iniestacademy\",\"https:\/\/www.instagram.com\/iniestacademy\/\"]}]}<\/script>\n<!-- \/ Yoast SEO plugin. -->","yoast_head_json":{"title":"Matr\u00edcula tecnificacions CF Les Franqueses - Iniesta Academy","robots":{"index":"index","follow":"follow","max-snippet":"max-snippet:-1","max-image-preview":"max-image-preview:large","max-video-preview":"max-video-preview:-1"},"canonical":"https:\/\/iniestacademy.com\/ca\/product\/matricula-tecnificacions-cf-les-franqueses\/","og_locale":"ca_ES","og_type":"article","og_title":"Matr\u00edcula tecnificacions CF Les Franqueses - Iniesta Academy","og_description":"Benvolgudes fam\u00edlies, Iniesta Academy i el CF Les Franqueses han signat un acord de col\u00b7laboraci\u00f3. Mitjan\u00e7ant aquest vincle, Iniesta Academy dur\u00e0 a terme sessions setmanals de perfeccionament futbol\u00edstic basades en els valors i la metodologia de joc d\u2019Andr\u00e9s Iniesta. Ambdues entitats s\u2019uneixen per oferir una formaci\u00f3 esportiva, educativa i personal a nens i nenes nascuts [&hellip;]","og_url":"https:\/\/iniestacademy.com\/ca\/product\/matricula-tecnificacions-cf-les-franqueses\/","og_site_name":"Iniesta Academy","article_publisher":"https:\/\/www.linkedin.com\/company\/iniestacademy\/","article_modified_time":"2025-11-10T14:28:18+00:00","og_image":[{"width":1349,"height":900,"url":"https:\/\/iniestacademy.com\/wp-content\/uploads\/2025\/11\/CF-FRANQUESES-INIESTACADEMY.webp","type":"image\/webp"}],"twitter_card":"summary_large_image","twitter_misc":{"Temps estimat de lectura":"1 minut"},"schema":{"@context":"https:\/\/schema.org","@graph":[{"@type":"WebPage","@id":"https:\/\/iniestacademy.com\/ca\/product\/matricula-tecnificacions-cf-les-franqueses\/","url":"https:\/\/iniestacademy.com\/ca\/product\/matricula-tecnificacions-cf-les-franqueses\/","name":"Matr\u00edcula tecnificacions CF Les Franqueses - Iniesta Academy","isPartOf":{"@id":"https:\/\/iniestacademy.com\/#website"},"primaryImageOfPage":{"@id":"https:\/\/iniestacademy.com\/ca\/product\/matricula-tecnificacions-cf-les-franqueses\/#primaryimage"},"image":{"@id":"https:\/\/iniestacademy.com\/ca\/product\/matricula-tecnificacions-cf-les-franqueses\/#primaryimage"},"thumbnailUrl":"https:\/\/iniestacademy.com\/wp-content\/uploads\/2025\/11\/CF-FRANQUESES-INIESTACADEMY.webp","datePublished":"2025-11-06T16:43:22+00:00","dateModified":"2025-11-10T14:28:18+00:00","breadcrumb":{"@id":"https:\/\/iniestacademy.com\/ca\/product\/matricula-tecnificacions-cf-les-franqueses\/#breadcrumb"},"inLanguage":"ca","potentialAction":[{"@type":"ReadAction","target":["https:\/\/iniestacademy.com\/ca\/product\/matricula-tecnificacions-cf-les-franqueses\/"]}]},{"@type":"ImageObject","inLanguage":"ca","@id":"https:\/\/iniestacademy.com\/ca\/product\/matricula-tecnificacions-cf-les-franqueses\/#primaryimage","url":"https:\/\/iniestacademy.com\/wp-content\/uploads\/2025\/11\/CF-FRANQUESES-INIESTACADEMY.webp","contentUrl":"https:\/\/iniestacademy.com\/wp-content\/uploads\/2025\/11\/CF-FRANQUESES-INIESTACADEMY.webp","width":1349,"height":900},{"@type":"BreadcrumbList","@id":"https:\/\/iniestacademy.com\/ca\/product\/matricula-tecnificacions-cf-les-franqueses\/#breadcrumb","itemListElement":[{"@type":"ListItem","position":1,"name":"Portada","item":"https:\/\/iniestacademy.com\/ca\/better-people-better-players\/"},{"@type":"ListItem","position":2,"name":"Cursos Iniesta Academy listado","item":"https:\/\/iniestacademy.com\/?page_id=379"},{"@type":"ListItem","position":3,"name":"Matr\u00edcula tecnificacions CF Les Franqueses"}]},{"@type":"WebSite","@id":"https:\/\/iniestacademy.com\/#website","url":"https:\/\/iniestacademy.com\/","name":"Iniesta Academy","description":"Iniesta methodology academy","publisher":{"@id":"https:\/\/iniestacademy.com\/#organization"},"potentialAction":[{"@type":"SearchAction","target":{"@type":"EntryPoint","urlTemplate":"https:\/\/iniestacademy.com\/?s={search_term_string}"},"query-input":{"@type":"PropertyValueSpecification","valueRequired":true,"valueName":"search_term_string"}}],"inLanguage":"ca"},{"@type":"Organization","@id":"https:\/\/iniestacademy.com\/#organization","name":"Iniesta Academy","url":"https:\/\/iniestacademy.com\/","logo":{"@type":"ImageObject","inLanguage":"ca","@id":"https:\/\/iniestacademy.com\/#\/schema\/logo\/image\/","url":"https:\/\/iniestacademy.com\/wp-content\/uploads\/2022\/10\/Logo-Header-1.svg","contentUrl":"https:\/\/iniestacademy.com\/wp-content\/uploads\/2022\/10\/Logo-Header-1.svg","width":208,"height":60,"caption":"Iniesta Academy"},"image":{"@id":"https:\/\/iniestacademy.com\/#\/schema\/logo\/image\/"},"sameAs":["https:\/\/www.linkedin.com\/company\/iniestacademy\/","https:\/\/www.tiktok.com\/@iniestacademy","https:\/\/www.instagram.com\/iniestacademy\/"]}]}},"_links":{"self":[{"href":"https:\/\/iniestacademy.com\/ca\/wp-json\/wp\/v2\/product\/19285","targetHints":{"allow":["GET"]}}],"collection":[{"href":"https:\/\/iniestacademy.com\/ca\/wp-json\/wp\/v2\/product"}],"about":[{"href":"https:\/\/iniestacademy.com\/ca\/wp-json\/wp\/v2\/types\/product"}],"replies":[{"embeddable":true,"href":"https:\/\/iniestacademy.com\/ca\/wp-json\/wp\/v2\/comments?post=19285"}],"version-history":[{"count":2,"href":"https:\/\/iniestacademy.com\/ca\/wp-json\/wp\/v2\/product\/19285\/revisions"}],"predecessor-version":[{"id":19349,"href":"https:\/\/iniestacademy.com\/ca\/wp-json\/wp\/v2\/product\/19285\/revisions\/19349"}],"wp:featuredmedia":[{"embeddable":true,"href":"https:\/\/iniestacademy.com\/ca\/wp-json\/wp\/v2\/media\/19314"}],"wp:attachment":[{"href":"https:\/\/iniestacademy.com\/ca\/wp-json\/wp\/v2\/media?parent=19285"}],"wp:term":[{"taxonomy":"product_brand","embeddable":true,"href":"https:\/\/iniestacademy.com\/ca\/wp-json\/wp\/v2\/product_brand?post=19285"},{"taxonomy":"product_cat","embeddable":true,"href":"https:\/\/iniestacademy.com\/ca\/wp-json\/wp\/v2\/product_cat?post=19285"},{"taxonomy":"product_tag","embeddable":true,"href":"https:\/\/iniestacademy.com\/ca\/wp-json\/wp\/v2\/product_tag?post=19285"}],"curies":[{"name":"wp","href":"https:\/\/api.w.org\/{rel}","templated":true}]}}