{"id":19167,"date":"2025-09-03T08:45:58","date_gmt":"2025-09-03T08:45:58","guid":{"rendered":"https:\/\/iniestacademy.com\/?post_type=product&#038;p=19167"},"modified":"2025-12-26T12:58:02","modified_gmt":"2025-12-26T12:58:02","slug":"matricula-tecnificacions-institucio-la-farga-sant-cugat","status":"publish","type":"product","link":"https:\/\/iniestacademy.com\/ca\/product\/matricula-tecnificacions-institucio-la-farga-sant-cugat\/","title":{"rendered":"Matr\u00edcula tecnificacions Instituci\u00f3 La Farga, Sant Cugat"},"content":{"rendered":"<div>Benvolgudes fam\u00edlies,<\/div>\n<div><\/div>\n<div><strong><a href=\"https:\/\/iniestacademy.institucio.org\/\" target=\"_blank\" rel=\"noopener\">Iniesta Academy<\/a><\/strong> i <a href=\"https:\/\/lafarga.institucio.org\/\" target=\"_blank\" rel=\"noopener\"><strong>Institucio La Farga<\/strong><\/a> han signat un acord de col\u00b7laboraci\u00f3. A trav\u00e9s d&#8217;aquest vincle, Iniesta Academy realitzar\u00e0 sessions setmanals de perfeccionament futbol\u00edstic basades en els valors i la metodologia de joc d&#8217;Andr\u00e9s Iniesta. <\/div>\n<div><\/div>\n<div>Iniesta Academy i Instituci\u00f3 Familiar d\u2019Educaci\u00f3 s&#8217;uneixen per oferir una formaci\u00f3 esportiva, educativa i personal a nens i nenes de 5 a 16 anys a trav\u00e9s del futbol i la combinaci\u00f3 de les metodologies de les dues entitats.<\/div>\n<div><\/div>\n<div><strong><br \/>DATA D&#8217;INICI:<\/strong><\/div>\n<div>Les sessions comen\u00e7aran el divendres 19 de setembre.<\/div>\n<div><\/div>\n<div><strong><br \/>HORARI:<\/strong><\/div>\n<div>Cada <b>divendres<\/b>, 17:30-18:45 (U5-10) \/\/ 19:00-20:30 (U11-U16) al Camp de futbol 7. La Farga, Sant Cugat.<\/div>\n","protected":false},"excerpt":{"rendered":"<p>Benvolgudes fam\u00edlies, Iniesta Academy i Institucio La Farga han signat un acord de col\u00b7laboraci\u00f3. A trav\u00e9s d&#8217;aquest vincle, Iniesta Academy realitzar\u00e0 sessions setmanals de perfeccionament futbol\u00edstic basades en els valors i la metodologia de joc d&#8217;Andr\u00e9s Iniesta. Iniesta Academy i Instituci\u00f3 Familiar d\u2019Educaci\u00f3 s&#8217;uneixen per oferir una formaci\u00f3 esportiva, educativa i personal a nens i [&hellip;]<\/p>\n","protected":false},"featured_media":19450,"comment_status":"closed","ping_status":"closed","template":"","meta":{"_acf_changed":false,"inline_featured_image":false},"product_brand":[],"product_cat":[251],"product_tag":[263],"class_list":{"0":"post-19167","1":"product","2":"type-product","3":"status-publish","4":"has-post-thumbnail","6":"product_cat-merchandising-ca","7":"product_tag-inscripcion-sant-cugat-ca","9":"first","10":"instock","11":"taxable","12":"shipping-taxable","13":"purchasable","14":"product-type-simple"},"acf":[],"yoast_head":"<!-- This site is optimized with the Yoast SEO plugin v25.3 - https:\/\/yoast.com\/wordpress\/plugins\/seo\/ -->\n<title>Matr\u00edcula tecnificacions Instituci\u00f3 La Farga, Sant Cugat - Iniesta Academy<\/title>\n<meta name=\"robots\" content=\"index, follow, max-snippet:-1, max-image-preview:large, max-video-preview:-1\" \/>\n<link rel=\"canonical\" href=\"https:\/\/iniestacademy.com\/ca\/product\/matricula-tecnificacions-institucio-la-farga-sant-cugat\/\" \/>\n<meta property=\"og:locale\" content=\"ca_ES\" \/>\n<meta property=\"og:type\" content=\"article\" \/>\n<meta property=\"og:title\" content=\"Matr\u00edcula tecnificacions Instituci\u00f3 La Farga, Sant Cugat - Iniesta Academy\" \/>\n<meta property=\"og:description\" content=\"Benvolgudes fam\u00edlies, Iniesta Academy i Institucio La Farga han signat un acord de col\u00b7laboraci\u00f3. A trav\u00e9s d&#8217;aquest vincle, Iniesta Academy realitzar\u00e0 sessions setmanals de perfeccionament futbol\u00edstic basades en els valors i la metodologia de joc d&#8217;Andr\u00e9s Iniesta. Iniesta Academy i Instituci\u00f3 Familiar d\u2019Educaci\u00f3 s&#8217;uneixen per oferir una formaci\u00f3 esportiva, educativa i personal a nens i [&hellip;]\" \/>\n<meta property=\"og:url\" content=\"https:\/\/iniestacademy.com\/ca\/product\/matricula-tecnificacions-institucio-la-farga-sant-cugat\/\" \/>\n<meta property=\"og:site_name\" content=\"Iniesta Academy\" \/>\n<meta property=\"article:publisher\" content=\"https:\/\/www.linkedin.com\/company\/iniestacademy\/\" \/>\n<meta property=\"article:modified_time\" content=\"2025-12-26T12:58:02+00:00\" \/>\n<meta property=\"og:image\" content=\"https:\/\/iniestacademy.com\/wp-content\/uploads\/2025\/12\/iniestacademy_background_2.jpeg\" \/>\n\t<meta property=\"og:image:width\" content=\"1080\" \/>\n\t<meta property=\"og:image:height\" content=\"1152\" \/>\n\t<meta property=\"og:image:type\" content=\"image\/jpeg\" \/>\n<meta name=\"twitter:card\" content=\"summary_large_image\" \/>\n<meta name=\"twitter:label1\" content=\"Temps estimat de lectura\" \/>\n\t<meta name=\"twitter:data1\" content=\"1 minut\" \/>\n<script type=\"application\/ld+json\" class=\"yoast-schema-graph\">{\"@context\":\"https:\/\/schema.org\",\"@graph\":[{\"@type\":\"WebPage\",\"@id\":\"https:\/\/iniestacademy.com\/ca\/product\/matricula-tecnificacions-institucio-la-farga-sant-cugat\/\",\"url\":\"https:\/\/iniestacademy.com\/ca\/product\/matricula-tecnificacions-institucio-la-farga-sant-cugat\/\",\"name\":\"Matr\u00edcula tecnificacions Instituci\u00f3 La Farga, Sant Cugat - Iniesta Academy\",\"isPartOf\":{\"@id\":\"https:\/\/iniestacademy.com\/#website\"},\"primaryImageOfPage\":{\"@id\":\"https:\/\/iniestacademy.com\/ca\/product\/matricula-tecnificacions-institucio-la-farga-sant-cugat\/#primaryimage\"},\"image\":{\"@id\":\"https:\/\/iniestacademy.com\/ca\/product\/matricula-tecnificacions-institucio-la-farga-sant-cugat\/#primaryimage\"},\"thumbnailUrl\":\"https:\/\/iniestacademy.com\/wp-content\/uploads\/2025\/12\/iniestacademy_background_2.jpeg\",\"datePublished\":\"2025-09-03T08:45:58+00:00\",\"dateModified\":\"2025-12-26T12:58:02+00:00\",\"breadcrumb\":{\"@id\":\"https:\/\/iniestacademy.com\/ca\/product\/matricula-tecnificacions-institucio-la-farga-sant-cugat\/#breadcrumb\"},\"inLanguage\":\"ca\",\"potentialAction\":[{\"@type\":\"ReadAction\",\"target\":[\"https:\/\/iniestacademy.com\/ca\/product\/matricula-tecnificacions-institucio-la-farga-sant-cugat\/\"]}]},{\"@type\":\"ImageObject\",\"inLanguage\":\"ca\",\"@id\":\"https:\/\/iniestacademy.com\/ca\/product\/matricula-tecnificacions-institucio-la-farga-sant-cugat\/#primaryimage\",\"url\":\"https:\/\/iniestacademy.com\/wp-content\/uploads\/2025\/12\/iniestacademy_background_2.jpeg\",\"contentUrl\":\"https:\/\/iniestacademy.com\/wp-content\/uploads\/2025\/12\/iniestacademy_background_2.jpeg\",\"width\":1080,\"height\":1152},{\"@type\":\"BreadcrumbList\",\"@id\":\"https:\/\/iniestacademy.com\/ca\/product\/matricula-tecnificacions-institucio-la-farga-sant-cugat\/#breadcrumb\",\"itemListElement\":[{\"@type\":\"ListItem\",\"position\":1,\"name\":\"Portada\",\"item\":\"https:\/\/iniestacademy.com\/ca\/better-people-better-players\/\"},{\"@type\":\"ListItem\",\"position\":2,\"name\":\"Cursos Iniesta Academy listado\",\"item\":\"https:\/\/iniestacademy.com\/?page_id=379\"},{\"@type\":\"ListItem\",\"position\":3,\"name\":\"Matr\u00edcula tecnificacions Instituci\u00f3 La Farga, Sant Cugat\"}]},{\"@type\":\"WebSite\",\"@id\":\"https:\/\/iniestacademy.com\/#website\",\"url\":\"https:\/\/iniestacademy.com\/\",\"name\":\"Iniesta Academy\",\"description\":\"Iniesta methodology academy\",\"publisher\":{\"@id\":\"https:\/\/iniestacademy.com\/#organization\"},\"potentialAction\":[{\"@type\":\"SearchAction\",\"target\":{\"@type\":\"EntryPoint\",\"urlTemplate\":\"https:\/\/iniestacademy.com\/?s={search_term_string}\"},\"query-input\":{\"@type\":\"PropertyValueSpecification\",\"valueRequired\":true,\"valueName\":\"search_term_string\"}}],\"inLanguage\":\"ca\"},{\"@type\":\"Organization\",\"@id\":\"https:\/\/iniestacademy.com\/#organization\",\"name\":\"Iniesta Academy\",\"url\":\"https:\/\/iniestacademy.com\/\",\"logo\":{\"@type\":\"ImageObject\",\"inLanguage\":\"ca\",\"@id\":\"https:\/\/iniestacademy.com\/#\/schema\/logo\/image\/\",\"url\":\"https:\/\/iniestacademy.com\/wp-content\/uploads\/2022\/10\/Logo-Header-1.svg\",\"contentUrl\":\"https:\/\/iniestacademy.com\/wp-content\/uploads\/2022\/10\/Logo-Header-1.svg\",\"width\":208,\"height\":60,\"caption\":\"Iniesta Academy\"},\"image\":{\"@id\":\"https:\/\/iniestacademy.com\/#\/schema\/logo\/image\/\"},\"sameAs\":[\"https:\/\/www.linkedin.com\/company\/iniestacademy\/\",\"https:\/\/www.tiktok.com\/@iniestacademy\",\"https:\/\/www.instagram.com\/iniestacademy\/\"]}]}<\/script>\n<!-- \/ Yoast SEO plugin. -->","yoast_head_json":{"title":"Matr\u00edcula tecnificacions Instituci\u00f3 La Farga, Sant Cugat - Iniesta Academy","robots":{"index":"index","follow":"follow","max-snippet":"max-snippet:-1","max-image-preview":"max-image-preview:large","max-video-preview":"max-video-preview:-1"},"canonical":"https:\/\/iniestacademy.com\/ca\/product\/matricula-tecnificacions-institucio-la-farga-sant-cugat\/","og_locale":"ca_ES","og_type":"article","og_title":"Matr\u00edcula tecnificacions Instituci\u00f3 La Farga, Sant Cugat - Iniesta Academy","og_description":"Benvolgudes fam\u00edlies, Iniesta Academy i Institucio La Farga han signat un acord de col\u00b7laboraci\u00f3. A trav\u00e9s d&#8217;aquest vincle, Iniesta Academy realitzar\u00e0 sessions setmanals de perfeccionament futbol\u00edstic basades en els valors i la metodologia de joc d&#8217;Andr\u00e9s Iniesta. Iniesta Academy i Instituci\u00f3 Familiar d\u2019Educaci\u00f3 s&#8217;uneixen per oferir una formaci\u00f3 esportiva, educativa i personal a nens i [&hellip;]","og_url":"https:\/\/iniestacademy.com\/ca\/product\/matricula-tecnificacions-institucio-la-farga-sant-cugat\/","og_site_name":"Iniesta Academy","article_publisher":"https:\/\/www.linkedin.com\/company\/iniestacademy\/","article_modified_time":"2025-12-26T12:58:02+00:00","og_image":[{"width":1080,"height":1152,"url":"https:\/\/iniestacademy.com\/wp-content\/uploads\/2025\/12\/iniestacademy_background_2.jpeg","type":"image\/jpeg"}],"twitter_card":"summary_large_image","twitter_misc":{"Temps estimat de lectura":"1 minut"},"schema":{"@context":"https:\/\/schema.org","@graph":[{"@type":"WebPage","@id":"https:\/\/iniestacademy.com\/ca\/product\/matricula-tecnificacions-institucio-la-farga-sant-cugat\/","url":"https:\/\/iniestacademy.com\/ca\/product\/matricula-tecnificacions-institucio-la-farga-sant-cugat\/","name":"Matr\u00edcula tecnificacions Instituci\u00f3 La Farga, Sant Cugat - Iniesta Academy","isPartOf":{"@id":"https:\/\/iniestacademy.com\/#website"},"primaryImageOfPage":{"@id":"https:\/\/iniestacademy.com\/ca\/product\/matricula-tecnificacions-institucio-la-farga-sant-cugat\/#primaryimage"},"image":{"@id":"https:\/\/iniestacademy.com\/ca\/product\/matricula-tecnificacions-institucio-la-farga-sant-cugat\/#primaryimage"},"thumbnailUrl":"https:\/\/iniestacademy.com\/wp-content\/uploads\/2025\/12\/iniestacademy_background_2.jpeg","datePublished":"2025-09-03T08:45:58+00:00","dateModified":"2025-12-26T12:58:02+00:00","breadcrumb":{"@id":"https:\/\/iniestacademy.com\/ca\/product\/matricula-tecnificacions-institucio-la-farga-sant-cugat\/#breadcrumb"},"inLanguage":"ca","potentialAction":[{"@type":"ReadAction","target":["https:\/\/iniestacademy.com\/ca\/product\/matricula-tecnificacions-institucio-la-farga-sant-cugat\/"]}]},{"@type":"ImageObject","inLanguage":"ca","@id":"https:\/\/iniestacademy.com\/ca\/product\/matricula-tecnificacions-institucio-la-farga-sant-cugat\/#primaryimage","url":"https:\/\/iniestacademy.com\/wp-content\/uploads\/2025\/12\/iniestacademy_background_2.jpeg","contentUrl":"https:\/\/iniestacademy.com\/wp-content\/uploads\/2025\/12\/iniestacademy_background_2.jpeg","width":1080,"height":1152},{"@type":"BreadcrumbList","@id":"https:\/\/iniestacademy.com\/ca\/product\/matricula-tecnificacions-institucio-la-farga-sant-cugat\/#breadcrumb","itemListElement":[{"@type":"ListItem","position":1,"name":"Portada","item":"https:\/\/iniestacademy.com\/ca\/better-people-better-players\/"},{"@type":"ListItem","position":2,"name":"Cursos Iniesta Academy listado","item":"https:\/\/iniestacademy.com\/?page_id=379"},{"@type":"ListItem","position":3,"name":"Matr\u00edcula tecnificacions Instituci\u00f3 La Farga, Sant Cugat"}]},{"@type":"WebSite","@id":"https:\/\/iniestacademy.com\/#website","url":"https:\/\/iniestacademy.com\/","name":"Iniesta Academy","description":"Iniesta methodology academy","publisher":{"@id":"https:\/\/iniestacademy.com\/#organization"},"potentialAction":[{"@type":"SearchAction","target":{"@type":"EntryPoint","urlTemplate":"https:\/\/iniestacademy.com\/?s={search_term_string}"},"query-input":{"@type":"PropertyValueSpecification","valueRequired":true,"valueName":"search_term_string"}}],"inLanguage":"ca"},{"@type":"Organization","@id":"https:\/\/iniestacademy.com\/#organization","name":"Iniesta Academy","url":"https:\/\/iniestacademy.com\/","logo":{"@type":"ImageObject","inLanguage":"ca","@id":"https:\/\/iniestacademy.com\/#\/schema\/logo\/image\/","url":"https:\/\/iniestacademy.com\/wp-content\/uploads\/2022\/10\/Logo-Header-1.svg","contentUrl":"https:\/\/iniestacademy.com\/wp-content\/uploads\/2022\/10\/Logo-Header-1.svg","width":208,"height":60,"caption":"Iniesta Academy"},"image":{"@id":"https:\/\/iniestacademy.com\/#\/schema\/logo\/image\/"},"sameAs":["https:\/\/www.linkedin.com\/company\/iniestacademy\/","https:\/\/www.tiktok.com\/@iniestacademy","https:\/\/www.instagram.com\/iniestacademy\/"]}]}},"_links":{"self":[{"href":"https:\/\/iniestacademy.com\/ca\/wp-json\/wp\/v2\/product\/19167","targetHints":{"allow":["GET"]}}],"collection":[{"href":"https:\/\/iniestacademy.com\/ca\/wp-json\/wp\/v2\/product"}],"about":[{"href":"https:\/\/iniestacademy.com\/ca\/wp-json\/wp\/v2\/types\/product"}],"replies":[{"embeddable":true,"href":"https:\/\/iniestacademy.com\/ca\/wp-json\/wp\/v2\/comments?post=19167"}],"version-history":[{"count":3,"href":"https:\/\/iniestacademy.com\/ca\/wp-json\/wp\/v2\/product\/19167\/revisions"}],"predecessor-version":[{"id":19507,"href":"https:\/\/iniestacademy.com\/ca\/wp-json\/wp\/v2\/product\/19167\/revisions\/19507"}],"wp:featuredmedia":[{"embeddable":true,"href":"https:\/\/iniestacademy.com\/ca\/wp-json\/wp\/v2\/media\/19450"}],"wp:attachment":[{"href":"https:\/\/iniestacademy.com\/ca\/wp-json\/wp\/v2\/media?parent=19167"}],"wp:term":[{"taxonomy":"product_brand","embeddable":true,"href":"https:\/\/iniestacademy.com\/ca\/wp-json\/wp\/v2\/product_brand?post=19167"},{"taxonomy":"product_cat","embeddable":true,"href":"https:\/\/iniestacademy.com\/ca\/wp-json\/wp\/v2\/product_cat?post=19167"},{"taxonomy":"product_tag","embeddable":true,"href":"https:\/\/iniestacademy.com\/ca\/wp-json\/wp\/v2\/product_tag?post=19167"}],"curies":[{"name":"wp","href":"https:\/\/api.w.org\/{rel}","templated":true}]}}