{"id":19125,"date":"2025-09-03T07:53:49","date_gmt":"2025-09-03T07:53:49","guid":{"rendered":"https:\/\/iniestacademy.com\/?post_type=product&#038;p=19125"},"modified":"2025-12-26T13:01:53","modified_gmt":"2025-12-26T13:01:53","slug":"matricula-tecnificaciones-institucio-igualada","status":"publish","type":"product","link":"https:\/\/iniestacademy.com\/ca\/product\/matricula-tecnificaciones-institucio-igualada\/","title":{"rendered":"Matr\u00edcula tecnificacions Instituci\u00f3 Igualada"},"content":{"rendered":"<div>Benvolgudes fam\u00edlies,<\/div>\n<div>\n<div><\/div>\n<div><a href=\"https:\/\/iniestacademy.institucio.org\/\" target=\"_blank\" rel=\"noopener\"><strong>Iniesta Academy<\/strong><\/a> i <a href=\"https:\/\/igualada.institucio.org\/es\/\" target=\"_blank\" rel=\"noopener\"><strong>Instituci\u00f3 Igualada<\/strong><\/a> han signat un acord de col\u00b7laboraci\u00f3. A trav\u00e9s d\u2019aquest vincle, Iniesta Academy realitzar\u00e0 sessions setmanals de perfeccionament futbol\u00edstic basades en els valors i la metodologia de joc d\u2019Andr\u00e9s Iniesta. <\/div>\n<div><\/div>\n<div>Iniesta Academy i Instituci\u00f3 Familiar d\u2019Educaci\u00f3 s&#8217;uneixen per oferir una formaci\u00f3 esportiva, educativa i personal a nens i nenes de 5 a 16 anys a trav\u00e9s del futbol i la combinaci\u00f3 de les metodologies de les dues entitats.<\/div>\n<div><\/div>\n<div><strong>DATA D&#8217;INICI:<\/strong><br \/>\nLes sessions comen\u00e7aran el dimecres <strong>17 de septiembre.<\/strong><\/div>\n<div><\/div>\n<div><strong><br \/>HORARI:<\/strong><\/div>\n<div>Cada <strong>dimecres<\/strong>, 17:30-18:45 (U5-10) \/\/ 19:00-20:30 (U11-U16) a les instal\u00b7lacions d&#8217;Espai Montclar-Mestral.<\/div>\n<\/div>\n","protected":false},"excerpt":{"rendered":"<p>Benvolgudes fam\u00edlies, Iniesta Academy i Instituci\u00f3 Igualada han signat un acord de col\u00b7laboraci\u00f3. A trav\u00e9s d\u2019aquest vincle, Iniesta Academy realitzar\u00e0 sessions setmanals de perfeccionament futbol\u00edstic basades en els valors i la metodologia de joc d\u2019Andr\u00e9s Iniesta. Iniesta Academy i Instituci\u00f3 Familiar d\u2019Educaci\u00f3 s&#8217;uneixen per oferir una formaci\u00f3 esportiva, educativa i personal a nens i nenes [&hellip;]<\/p>\n","protected":false},"featured_media":19453,"comment_status":"closed","ping_status":"closed","template":"","meta":{"_acf_changed":false,"inline_featured_image":false},"product_brand":[],"product_cat":[251],"product_tag":[259],"class_list":{"0":"post-19125","1":"product","2":"type-product","3":"status-publish","4":"has-post-thumbnail","6":"product_cat-merchandising-ca","7":"product_tag-inscripcion-igualada-ca","9":"first","10":"instock","11":"taxable","12":"shipping-taxable","13":"purchasable","14":"product-type-simple"},"acf":[],"yoast_head":"<!-- This site is optimized with the Yoast SEO plugin v25.3 - https:\/\/yoast.com\/wordpress\/plugins\/seo\/ -->\n<title>Matr\u00edcula tecnificacions Instituci\u00f3 Igualada - Iniesta Academy<\/title>\n<meta name=\"robots\" content=\"index, follow, max-snippet:-1, max-image-preview:large, max-video-preview:-1\" \/>\n<link rel=\"canonical\" href=\"https:\/\/iniestacademy.com\/ca\/product\/matricula-tecnificaciones-institucio-igualada\/\" \/>\n<meta property=\"og:locale\" content=\"ca_ES\" \/>\n<meta property=\"og:type\" content=\"article\" \/>\n<meta property=\"og:title\" content=\"Matr\u00edcula tecnificacions Instituci\u00f3 Igualada - Iniesta Academy\" \/>\n<meta property=\"og:description\" content=\"Benvolgudes fam\u00edlies, Iniesta Academy i Instituci\u00f3 Igualada han signat un acord de col\u00b7laboraci\u00f3. A trav\u00e9s d\u2019aquest vincle, Iniesta Academy realitzar\u00e0 sessions setmanals de perfeccionament futbol\u00edstic basades en els valors i la metodologia de joc d\u2019Andr\u00e9s Iniesta. Iniesta Academy i Instituci\u00f3 Familiar d\u2019Educaci\u00f3 s&#8217;uneixen per oferir una formaci\u00f3 esportiva, educativa i personal a nens i nenes [&hellip;]\" \/>\n<meta property=\"og:url\" content=\"https:\/\/iniestacademy.com\/ca\/product\/matricula-tecnificaciones-institucio-igualada\/\" \/>\n<meta property=\"og:site_name\" content=\"Iniesta Academy\" \/>\n<meta property=\"article:publisher\" content=\"https:\/\/www.linkedin.com\/company\/iniestacademy\/\" \/>\n<meta property=\"article:modified_time\" content=\"2025-12-26T13:01:53+00:00\" \/>\n<meta property=\"og:image\" content=\"https:\/\/iniestacademy.com\/wp-content\/uploads\/2025\/12\/iniestacademy_background.jpeg\" \/>\n\t<meta property=\"og:image:width\" content=\"900\" \/>\n\t<meta property=\"og:image:height\" content=\"1600\" \/>\n\t<meta property=\"og:image:type\" content=\"image\/jpeg\" \/>\n<meta name=\"twitter:card\" content=\"summary_large_image\" \/>\n<meta name=\"twitter:label1\" content=\"Temps estimat de lectura\" \/>\n\t<meta name=\"twitter:data1\" content=\"1 minut\" \/>\n<script type=\"application\/ld+json\" class=\"yoast-schema-graph\">{\"@context\":\"https:\/\/schema.org\",\"@graph\":[{\"@type\":\"WebPage\",\"@id\":\"https:\/\/iniestacademy.com\/ca\/product\/matricula-tecnificaciones-institucio-igualada\/\",\"url\":\"https:\/\/iniestacademy.com\/ca\/product\/matricula-tecnificaciones-institucio-igualada\/\",\"name\":\"Matr\u00edcula tecnificacions Instituci\u00f3 Igualada - Iniesta Academy\",\"isPartOf\":{\"@id\":\"https:\/\/iniestacademy.com\/#website\"},\"primaryImageOfPage\":{\"@id\":\"https:\/\/iniestacademy.com\/ca\/product\/matricula-tecnificaciones-institucio-igualada\/#primaryimage\"},\"image\":{\"@id\":\"https:\/\/iniestacademy.com\/ca\/product\/matricula-tecnificaciones-institucio-igualada\/#primaryimage\"},\"thumbnailUrl\":\"https:\/\/iniestacademy.com\/wp-content\/uploads\/2025\/12\/iniestacademy_background.jpeg\",\"datePublished\":\"2025-09-03T07:53:49+00:00\",\"dateModified\":\"2025-12-26T13:01:53+00:00\",\"breadcrumb\":{\"@id\":\"https:\/\/iniestacademy.com\/ca\/product\/matricula-tecnificaciones-institucio-igualada\/#breadcrumb\"},\"inLanguage\":\"ca\",\"potentialAction\":[{\"@type\":\"ReadAction\",\"target\":[\"https:\/\/iniestacademy.com\/ca\/product\/matricula-tecnificaciones-institucio-igualada\/\"]}]},{\"@type\":\"ImageObject\",\"inLanguage\":\"ca\",\"@id\":\"https:\/\/iniestacademy.com\/ca\/product\/matricula-tecnificaciones-institucio-igualada\/#primaryimage\",\"url\":\"https:\/\/iniestacademy.com\/wp-content\/uploads\/2025\/12\/iniestacademy_background.jpeg\",\"contentUrl\":\"https:\/\/iniestacademy.com\/wp-content\/uploads\/2025\/12\/iniestacademy_background.jpeg\",\"width\":900,\"height\":1600},{\"@type\":\"BreadcrumbList\",\"@id\":\"https:\/\/iniestacademy.com\/ca\/product\/matricula-tecnificaciones-institucio-igualada\/#breadcrumb\",\"itemListElement\":[{\"@type\":\"ListItem\",\"position\":1,\"name\":\"Portada\",\"item\":\"https:\/\/iniestacademy.com\/ca\/better-people-better-players\/\"},{\"@type\":\"ListItem\",\"position\":2,\"name\":\"Cursos Iniesta Academy listado\",\"item\":\"https:\/\/iniestacademy.com\/?page_id=379\"},{\"@type\":\"ListItem\",\"position\":3,\"name\":\"Matr\u00edcula tecnificacions Instituci\u00f3 Igualada\"}]},{\"@type\":\"WebSite\",\"@id\":\"https:\/\/iniestacademy.com\/#website\",\"url\":\"https:\/\/iniestacademy.com\/\",\"name\":\"Iniesta Academy\",\"description\":\"Iniesta methodology academy\",\"publisher\":{\"@id\":\"https:\/\/iniestacademy.com\/#organization\"},\"potentialAction\":[{\"@type\":\"SearchAction\",\"target\":{\"@type\":\"EntryPoint\",\"urlTemplate\":\"https:\/\/iniestacademy.com\/?s={search_term_string}\"},\"query-input\":{\"@type\":\"PropertyValueSpecification\",\"valueRequired\":true,\"valueName\":\"search_term_string\"}}],\"inLanguage\":\"ca\"},{\"@type\":\"Organization\",\"@id\":\"https:\/\/iniestacademy.com\/#organization\",\"name\":\"Iniesta Academy\",\"url\":\"https:\/\/iniestacademy.com\/\",\"logo\":{\"@type\":\"ImageObject\",\"inLanguage\":\"ca\",\"@id\":\"https:\/\/iniestacademy.com\/#\/schema\/logo\/image\/\",\"url\":\"https:\/\/iniestacademy.com\/wp-content\/uploads\/2022\/10\/Logo-Header-1.svg\",\"contentUrl\":\"https:\/\/iniestacademy.com\/wp-content\/uploads\/2022\/10\/Logo-Header-1.svg\",\"width\":208,\"height\":60,\"caption\":\"Iniesta Academy\"},\"image\":{\"@id\":\"https:\/\/iniestacademy.com\/#\/schema\/logo\/image\/\"},\"sameAs\":[\"https:\/\/www.linkedin.com\/company\/iniestacademy\/\",\"https:\/\/www.tiktok.com\/@iniestacademy\",\"https:\/\/www.instagram.com\/iniestacademy\/\"]}]}<\/script>\n<!-- \/ Yoast SEO plugin. -->","yoast_head_json":{"title":"Matr\u00edcula tecnificacions Instituci\u00f3 Igualada - Iniesta Academy","robots":{"index":"index","follow":"follow","max-snippet":"max-snippet:-1","max-image-preview":"max-image-preview:large","max-video-preview":"max-video-preview:-1"},"canonical":"https:\/\/iniestacademy.com\/ca\/product\/matricula-tecnificaciones-institucio-igualada\/","og_locale":"ca_ES","og_type":"article","og_title":"Matr\u00edcula tecnificacions Instituci\u00f3 Igualada - Iniesta Academy","og_description":"Benvolgudes fam\u00edlies, Iniesta Academy i Instituci\u00f3 Igualada han signat un acord de col\u00b7laboraci\u00f3. A trav\u00e9s d\u2019aquest vincle, Iniesta Academy realitzar\u00e0 sessions setmanals de perfeccionament futbol\u00edstic basades en els valors i la metodologia de joc d\u2019Andr\u00e9s Iniesta. Iniesta Academy i Instituci\u00f3 Familiar d\u2019Educaci\u00f3 s&#8217;uneixen per oferir una formaci\u00f3 esportiva, educativa i personal a nens i nenes [&hellip;]","og_url":"https:\/\/iniestacademy.com\/ca\/product\/matricula-tecnificaciones-institucio-igualada\/","og_site_name":"Iniesta Academy","article_publisher":"https:\/\/www.linkedin.com\/company\/iniestacademy\/","article_modified_time":"2025-12-26T13:01:53+00:00","og_image":[{"width":900,"height":1600,"url":"https:\/\/iniestacademy.com\/wp-content\/uploads\/2025\/12\/iniestacademy_background.jpeg","type":"image\/jpeg"}],"twitter_card":"summary_large_image","twitter_misc":{"Temps estimat de lectura":"1 minut"},"schema":{"@context":"https:\/\/schema.org","@graph":[{"@type":"WebPage","@id":"https:\/\/iniestacademy.com\/ca\/product\/matricula-tecnificaciones-institucio-igualada\/","url":"https:\/\/iniestacademy.com\/ca\/product\/matricula-tecnificaciones-institucio-igualada\/","name":"Matr\u00edcula tecnificacions Instituci\u00f3 Igualada - Iniesta Academy","isPartOf":{"@id":"https:\/\/iniestacademy.com\/#website"},"primaryImageOfPage":{"@id":"https:\/\/iniestacademy.com\/ca\/product\/matricula-tecnificaciones-institucio-igualada\/#primaryimage"},"image":{"@id":"https:\/\/iniestacademy.com\/ca\/product\/matricula-tecnificaciones-institucio-igualada\/#primaryimage"},"thumbnailUrl":"https:\/\/iniestacademy.com\/wp-content\/uploads\/2025\/12\/iniestacademy_background.jpeg","datePublished":"2025-09-03T07:53:49+00:00","dateModified":"2025-12-26T13:01:53+00:00","breadcrumb":{"@id":"https:\/\/iniestacademy.com\/ca\/product\/matricula-tecnificaciones-institucio-igualada\/#breadcrumb"},"inLanguage":"ca","potentialAction":[{"@type":"ReadAction","target":["https:\/\/iniestacademy.com\/ca\/product\/matricula-tecnificaciones-institucio-igualada\/"]}]},{"@type":"ImageObject","inLanguage":"ca","@id":"https:\/\/iniestacademy.com\/ca\/product\/matricula-tecnificaciones-institucio-igualada\/#primaryimage","url":"https:\/\/iniestacademy.com\/wp-content\/uploads\/2025\/12\/iniestacademy_background.jpeg","contentUrl":"https:\/\/iniestacademy.com\/wp-content\/uploads\/2025\/12\/iniestacademy_background.jpeg","width":900,"height":1600},{"@type":"BreadcrumbList","@id":"https:\/\/iniestacademy.com\/ca\/product\/matricula-tecnificaciones-institucio-igualada\/#breadcrumb","itemListElement":[{"@type":"ListItem","position":1,"name":"Portada","item":"https:\/\/iniestacademy.com\/ca\/better-people-better-players\/"},{"@type":"ListItem","position":2,"name":"Cursos Iniesta Academy listado","item":"https:\/\/iniestacademy.com\/?page_id=379"},{"@type":"ListItem","position":3,"name":"Matr\u00edcula tecnificacions Instituci\u00f3 Igualada"}]},{"@type":"WebSite","@id":"https:\/\/iniestacademy.com\/#website","url":"https:\/\/iniestacademy.com\/","name":"Iniesta Academy","description":"Iniesta methodology academy","publisher":{"@id":"https:\/\/iniestacademy.com\/#organization"},"potentialAction":[{"@type":"SearchAction","target":{"@type":"EntryPoint","urlTemplate":"https:\/\/iniestacademy.com\/?s={search_term_string}"},"query-input":{"@type":"PropertyValueSpecification","valueRequired":true,"valueName":"search_term_string"}}],"inLanguage":"ca"},{"@type":"Organization","@id":"https:\/\/iniestacademy.com\/#organization","name":"Iniesta Academy","url":"https:\/\/iniestacademy.com\/","logo":{"@type":"ImageObject","inLanguage":"ca","@id":"https:\/\/iniestacademy.com\/#\/schema\/logo\/image\/","url":"https:\/\/iniestacademy.com\/wp-content\/uploads\/2022\/10\/Logo-Header-1.svg","contentUrl":"https:\/\/iniestacademy.com\/wp-content\/uploads\/2022\/10\/Logo-Header-1.svg","width":208,"height":60,"caption":"Iniesta Academy"},"image":{"@id":"https:\/\/iniestacademy.com\/#\/schema\/logo\/image\/"},"sameAs":["https:\/\/www.linkedin.com\/company\/iniestacademy\/","https:\/\/www.tiktok.com\/@iniestacademy","https:\/\/www.instagram.com\/iniestacademy\/"]}]}},"_links":{"self":[{"href":"https:\/\/iniestacademy.com\/ca\/wp-json\/wp\/v2\/product\/19125","targetHints":{"allow":["GET"]}}],"collection":[{"href":"https:\/\/iniestacademy.com\/ca\/wp-json\/wp\/v2\/product"}],"about":[{"href":"https:\/\/iniestacademy.com\/ca\/wp-json\/wp\/v2\/types\/product"}],"replies":[{"embeddable":true,"href":"https:\/\/iniestacademy.com\/ca\/wp-json\/wp\/v2\/comments?post=19125"}],"version-history":[{"count":7,"href":"https:\/\/iniestacademy.com\/ca\/wp-json\/wp\/v2\/product\/19125\/revisions"}],"predecessor-version":[{"id":19512,"href":"https:\/\/iniestacademy.com\/ca\/wp-json\/wp\/v2\/product\/19125\/revisions\/19512"}],"wp:featuredmedia":[{"embeddable":true,"href":"https:\/\/iniestacademy.com\/ca\/wp-json\/wp\/v2\/media\/19453"}],"wp:attachment":[{"href":"https:\/\/iniestacademy.com\/ca\/wp-json\/wp\/v2\/media?parent=19125"}],"wp:term":[{"taxonomy":"product_brand","embeddable":true,"href":"https:\/\/iniestacademy.com\/ca\/wp-json\/wp\/v2\/product_brand?post=19125"},{"taxonomy":"product_cat","embeddable":true,"href":"https:\/\/iniestacademy.com\/ca\/wp-json\/wp\/v2\/product_cat?post=19125"},{"taxonomy":"product_tag","embeddable":true,"href":"https:\/\/iniestacademy.com\/ca\/wp-json\/wp\/v2\/product_tag?post=19125"}],"curies":[{"name":"wp","href":"https:\/\/api.w.org\/{rel}","templated":true}]}}