{"id":14707,"date":"2024-06-19T14:30:06","date_gmt":"2024-06-19T14:30:06","guid":{"rendered":"https:\/\/iniestacademy.com\/product\/programa-de-tecnificacio-individual-dalejandro-toro\/"},"modified":"2024-06-19T14:30:06","modified_gmt":"2024-06-19T14:30:06","slug":"programa-de-tecnificacio-individual-dalejandro-toro","status":"publish","type":"product","link":"https:\/\/iniestacademy.com\/ca\/product\/programa-de-tecnificacio-individual-dalejandro-toro\/","title":{"rendered":"Programa de tecnificaci\u00f3 individual d&#8217;Alejandro Toro"},"content":{"rendered":"","protected":true},"excerpt":{"rendered":"","protected":true},"featured_media":14722,"comment_status":"closed","ping_status":"closed","template":"","meta":{"_acf_changed":false,"inline_featured_image":false},"product_brand":[],"product_cat":[192],"product_tag":[],"class_list":{"0":"post-14707","1":"product","2":"type-product","3":"status-publish","4":"post-password-required","6":"product_cat-producto-unico-ca","8":"first","9":"instock","10":"taxable","11":"shipping-taxable","12":"purchasable","13":"product-type-variable"},"acf":[],"yoast_head":"<!-- This site is optimized with the Yoast SEO plugin v25.3 - https:\/\/yoast.com\/wordpress\/plugins\/seo\/ -->\n<title>Programa de tecnificaci\u00f3 individual d&#039;Alejandro Toro - Iniesta Academy<\/title>\n<meta name=\"robots\" content=\"index, follow, max-snippet:-1, max-image-preview:large, max-video-preview:-1\" \/>\n<link rel=\"canonical\" href=\"https:\/\/iniestacademy.com\/product\/programa-de-tecnificacio-individual-dalejandro-toro\/\" \/>\n<meta property=\"og:locale\" content=\"ca_ES\" \/>\n<meta property=\"og:type\" content=\"article\" \/>\n<meta property=\"og:title\" content=\"Programa de tecnificaci\u00f3 individual d&#039;Alejandro Toro - Iniesta Academy\" \/>\n<meta property=\"og:description\" content=\"No hi ha extracte perqu\u00e8 \u00e9s una entrada protegida.\" \/>\n<meta property=\"og:url\" content=\"https:\/\/iniestacademy.com\/product\/programa-de-tecnificacio-individual-dalejandro-toro\/\" \/>\n<meta property=\"og:site_name\" content=\"Iniesta Academy\" \/>\n<meta property=\"article:publisher\" content=\"https:\/\/www.linkedin.com\/company\/iniestacademy\/\" \/>\n<meta name=\"twitter:card\" content=\"summary_large_image\" \/>\n<script type=\"application\/ld+json\" class=\"yoast-schema-graph\">{\"@context\":\"https:\/\/schema.org\",\"@graph\":[{\"@type\":\"WebPage\",\"@id\":\"https:\/\/iniestacademy.com\/product\/programa-de-tecnificacio-individual-dalejandro-toro\/\",\"url\":\"https:\/\/iniestacademy.com\/product\/programa-de-tecnificacio-individual-dalejandro-toro\/\",\"name\":\"Programa de tecnificaci\u00f3 individual d'Alejandro Toro - Iniesta Academy\",\"isPartOf\":{\"@id\":\"https:\/\/iniestacademy.com\/#website\"},\"datePublished\":\"2024-06-19T14:30:06+00:00\",\"breadcrumb\":{\"@id\":\"https:\/\/iniestacademy.com\/product\/programa-de-tecnificacio-individual-dalejandro-toro\/#breadcrumb\"},\"inLanguage\":\"ca\"},{\"@type\":\"WebSite\",\"@id\":\"https:\/\/iniestacademy.com\/#website\",\"url\":\"https:\/\/iniestacademy.com\/\",\"name\":\"Iniesta Academy\",\"description\":\"Iniesta methodology academy\",\"publisher\":{\"@id\":\"https:\/\/iniestacademy.com\/#organization\"},\"potentialAction\":[{\"@type\":\"SearchAction\",\"target\":{\"@type\":\"EntryPoint\",\"urlTemplate\":\"https:\/\/iniestacademy.com\/?s={search_term_string}\"},\"query-input\":{\"@type\":\"PropertyValueSpecification\",\"valueRequired\":true,\"valueName\":\"search_term_string\"}}],\"inLanguage\":\"ca\"},{\"@type\":\"Organization\",\"@id\":\"https:\/\/iniestacademy.com\/#organization\",\"name\":\"Iniesta Academy\",\"url\":\"https:\/\/iniestacademy.com\/\",\"logo\":{\"@type\":\"ImageObject\",\"inLanguage\":\"ca\",\"@id\":\"https:\/\/iniestacademy.com\/#\/schema\/logo\/image\/\",\"url\":\"https:\/\/iniestacademy.com\/wp-content\/uploads\/2022\/10\/Logo-Header-1.svg\",\"contentUrl\":\"https:\/\/iniestacademy.com\/wp-content\/uploads\/2022\/10\/Logo-Header-1.svg\",\"width\":208,\"height\":60,\"caption\":\"Iniesta Academy\"},\"image\":{\"@id\":\"https:\/\/iniestacademy.com\/#\/schema\/logo\/image\/\"},\"sameAs\":[\"https:\/\/www.linkedin.com\/company\/iniestacademy\/\",\"https:\/\/www.tiktok.com\/@iniestacademy\",\"https:\/\/www.instagram.com\/iniestacademy\/\"]}]}<\/script>\n<!-- \/ Yoast SEO plugin. -->","yoast_head_json":{"title":"Programa de tecnificaci\u00f3 individual d'Alejandro Toro - Iniesta Academy","robots":{"index":"index","follow":"follow","max-snippet":"max-snippet:-1","max-image-preview":"max-image-preview:large","max-video-preview":"max-video-preview:-1"},"canonical":"https:\/\/iniestacademy.com\/product\/programa-de-tecnificacio-individual-dalejandro-toro\/","og_locale":"ca_ES","og_type":"article","og_title":"Programa de tecnificaci\u00f3 individual d'Alejandro Toro - Iniesta Academy","og_description":"No hi ha extracte perqu\u00e8 \u00e9s una entrada protegida.","og_url":"https:\/\/iniestacademy.com\/product\/programa-de-tecnificacio-individual-dalejandro-toro\/","og_site_name":"Iniesta Academy","article_publisher":"https:\/\/www.linkedin.com\/company\/iniestacademy\/","twitter_card":"summary_large_image","schema":{"@context":"https:\/\/schema.org","@graph":[{"@type":"WebPage","@id":"https:\/\/iniestacademy.com\/product\/programa-de-tecnificacio-individual-dalejandro-toro\/","url":"https:\/\/iniestacademy.com\/product\/programa-de-tecnificacio-individual-dalejandro-toro\/","name":"Programa de tecnificaci\u00f3 individual d'Alejandro Toro - Iniesta Academy","isPartOf":{"@id":"https:\/\/iniestacademy.com\/#website"},"datePublished":"2024-06-19T14:30:06+00:00","breadcrumb":{"@id":"https:\/\/iniestacademy.com\/product\/programa-de-tecnificacio-individual-dalejandro-toro\/#breadcrumb"},"inLanguage":"ca"},{"@type":"WebSite","@id":"https:\/\/iniestacademy.com\/#website","url":"https:\/\/iniestacademy.com\/","name":"Iniesta Academy","description":"Iniesta methodology academy","publisher":{"@id":"https:\/\/iniestacademy.com\/#organization"},"potentialAction":[{"@type":"SearchAction","target":{"@type":"EntryPoint","urlTemplate":"https:\/\/iniestacademy.com\/?s={search_term_string}"},"query-input":{"@type":"PropertyValueSpecification","valueRequired":true,"valueName":"search_term_string"}}],"inLanguage":"ca"},{"@type":"Organization","@id":"https:\/\/iniestacademy.com\/#organization","name":"Iniesta Academy","url":"https:\/\/iniestacademy.com\/","logo":{"@type":"ImageObject","inLanguage":"ca","@id":"https:\/\/iniestacademy.com\/#\/schema\/logo\/image\/","url":"https:\/\/iniestacademy.com\/wp-content\/uploads\/2022\/10\/Logo-Header-1.svg","contentUrl":"https:\/\/iniestacademy.com\/wp-content\/uploads\/2022\/10\/Logo-Header-1.svg","width":208,"height":60,"caption":"Iniesta Academy"},"image":{"@id":"https:\/\/iniestacademy.com\/#\/schema\/logo\/image\/"},"sameAs":["https:\/\/www.linkedin.com\/company\/iniestacademy\/","https:\/\/www.tiktok.com\/@iniestacademy","https:\/\/www.instagram.com\/iniestacademy\/"]}]}},"_links":{"self":[{"href":"https:\/\/iniestacademy.com\/ca\/wp-json\/wp\/v2\/product\/14707","targetHints":{"allow":["GET"]}}],"collection":[{"href":"https:\/\/iniestacademy.com\/ca\/wp-json\/wp\/v2\/product"}],"about":[{"href":"https:\/\/iniestacademy.com\/ca\/wp-json\/wp\/v2\/types\/product"}],"replies":[{"embeddable":true,"href":"https:\/\/iniestacademy.com\/ca\/wp-json\/wp\/v2\/comments?post=14707"}],"version-history":[{"count":0,"href":"https:\/\/iniestacademy.com\/ca\/wp-json\/wp\/v2\/product\/14707\/revisions"}],"wp:featuredmedia":[{"embeddable":true,"href":"https:\/\/iniestacademy.com\/ca\/wp-json\/wp\/v2\/media\/14722"}],"wp:attachment":[{"href":"https:\/\/iniestacademy.com\/ca\/wp-json\/wp\/v2\/media?parent=14707"}],"wp:term":[{"taxonomy":"product_brand","embeddable":true,"href":"https:\/\/iniestacademy.com\/ca\/wp-json\/wp\/v2\/product_brand?post=14707"},{"taxonomy":"product_cat","embeddable":true,"href":"https:\/\/iniestacademy.com\/ca\/wp-json\/wp\/v2\/product_cat?post=14707"},{"taxonomy":"product_tag","embeddable":true,"href":"https:\/\/iniestacademy.com\/ca\/wp-json\/wp\/v2\/product_tag?post=14707"}],"curies":[{"name":"wp","href":"https:\/\/api.w.org\/{rel}","templated":true}]}}