{"id":18001,"date":"2025-04-10T15:31:26","date_gmt":"2025-04-10T15:31:26","guid":{"rendered":"https:\/\/iniestacademy.com\/faqs-clinics-camps-iniesta-academy\/"},"modified":"2026-03-23T10:31:51","modified_gmt":"2026-03-23T10:31:51","slug":"faqs-clinics-camps-iniesta-academy","status":"publish","type":"page","link":"https:\/\/iniestacademy.com\/ca\/faqs-clinics-camps-iniesta-academy\/","title":{"rendered":"Faqs clinics camps Iniesta Academy"},"content":{"rendered":"\t\t<div data-elementor-type=\"wp-page\" data-elementor-id=\"18001\" class=\"elementor elementor-18001 elementor-17990\" data-elementor-post-type=\"page\">\n\t\t\t\t\t\t<section data-particle_enable=\"false\" data-particle-mobile-disabled=\"false\" class=\"elementor-section elementor-top-section elementor-element elementor-element-2b49f0d elementor-section-content-middle elementor-section-boxed elementor-section-height-default elementor-section-height-default\" data-id=\"2b49f0d\" data-element_type=\"section\">\n\t\t\t\t\t\t<div class=\"elementor-container elementor-column-gap-default\">\n\t\t\t\t\t<div class=\"elementor-column elementor-col-50 elementor-top-column elementor-element elementor-element-3439176\" data-id=\"3439176\" data-element_type=\"column\">\n\t\t\t<div class=\"elementor-widget-wrap elementor-element-populated\">\n\t\t\t\t\t\t<div class=\"elementor-element elementor-element-1a175c9 elementor-invisible elementor-widget elementor-widget-heading\" data-id=\"1a175c9\" data-element_type=\"widget\" data-settings=\"{&quot;_animation&quot;:&quot;fadeInUp&quot;}\" data-widget_type=\"heading.default\">\n\t\t\t\t<div class=\"elementor-widget-container\">\n\t\t\t\t\t<h1 class=\"elementor-heading-title elementor-size-default\">FAQs <span style=\"font-weight:800\"><br>CLINICS CAMPS INIESTA ACADEMY<\/span><\/h1>\t\t\t\t<\/div>\n\t\t\t\t<\/div>\n\t\t\t\t\t<\/div>\n\t\t<\/div>\n\t\t\t\t<div class=\"elementor-column elementor-col-50 elementor-top-column elementor-element elementor-element-c0f37ba\" data-id=\"c0f37ba\" data-element_type=\"column\">\n\t\t\t<div class=\"elementor-widget-wrap elementor-element-populated\">\n\t\t\t\t\t\t<div class=\"elementor-element elementor-element-b87e1ce elementor-widget-mobile__width-auto elementor-widget elementor-widget-image\" data-id=\"b87e1ce\" data-element_type=\"widget\" data-widget_type=\"image.default\">\n\t\t\t\t<div class=\"elementor-widget-container\">\n\t\t\t\t\t\t\t\t\t\t\t\t\t\t\t<img fetchpriority=\"high\" decoding=\"async\" width=\"800\" height=\"485\" src=\"https:\/\/iniestacademy.com\/wp-content\/uploads\/2023\/05\/Frame-3.svg\" class=\"attachment-large size-large wp-image-13258\" alt=\"\" \/>\t\t\t\t\t\t\t\t\t\t\t\t\t\t\t<\/div>\n\t\t\t\t<\/div>\n\t\t\t\t\t<\/div>\n\t\t<\/div>\n\t\t\t\t\t<\/div>\n\t\t<\/section>\n\t\t\t\t<section data-particle_enable=\"false\" data-particle-mobile-disabled=\"false\" class=\"elementor-section elementor-top-section elementor-element elementor-element-344223f elementor-section-boxed elementor-section-height-default elementor-section-height-default\" data-id=\"344223f\" data-element_type=\"section\">\n\t\t\t\t\t\t<div class=\"elementor-container elementor-column-gap-default\">\n\t\t\t\t\t<div class=\"elementor-column elementor-col-100 elementor-top-column elementor-element elementor-element-4068d20\" data-id=\"4068d20\" data-element_type=\"column\">\n\t\t\t<div class=\"elementor-widget-wrap elementor-element-populated\">\n\t\t\t\t\t\t<div class=\"elementor-element elementor-element-10e663f text-legal elementor-widget elementor-widget-text-editor\" data-id=\"10e663f\" data-element_type=\"widget\" data-widget_type=\"text-editor.default\">\n\t\t\t\t<div class=\"elementor-widget-container\">\n\t\t\t\t\t\t\t\t\t<ol><li><b><i>On puc registrar-me?<\/i><\/b><br>Pots registrar-te als seg\u00fcents enlla\u00e7os: <a href=\"https:\/\/shop.paylogic.com\/30cc46f80acf4e4abdbeeeb8d8c413be\/summer-camp-llivia-2026\" target=\"_blank\" rel=\"noopener\">Salou<\/a>, <a href=\"https:\/\/shop.paylogic.com\/30cc46f80acf4e4abdbeeeb8d8c413be\/summer-camp-llivia-2026\" target=\"_blank\" rel=\"noopener\">Ll\u00edvia<\/a>,<a href=\"https:\/\/iniestacademy.com\/ca\/courses\/campus-alcazar-de-san-juan\/\" target=\"_blank\" rel=\"noopener\"> Alc\u00e1zar de San Juan<\/a>. Si tens algun dubte, contacta\u2019ns a <a href=\"mailto:camps@iniestacademy.com\"><span style=\"text-decoration: underline;\">camps@iniestacademy.com<\/span><\/a>. <\/li><li><strong><em>No puc fer el registre<\/em><\/strong> Si vols apuntar-te a la llista, contacta\u2019ns a <span style=\"text-decoration: underline;\"><a href=\"mailto:camps@iniestacademy.com\" target=\"_blank\" rel=\"noopener\">camps@iniestacademy.com<\/a> <\/span>i deixa\u2019ns les teves dades. Et contactarem al m\u00e9s aviat possible.<\/li><li><b><em>Quines edats poden participar al campus?<br><\/em><\/b>La franja d\u2019edats \u00e9s de 6 fins als 16 anys.<br>En el cas que el Campus tingui l\u2019opci\u00f3 de r\u00e8gim amb pernoctaci\u00f3, recomanem que l\u2019edat sigui a partir dels 8 anys.<br><\/li><li><em><strong>Per qu\u00e8 he d\u2019enviar una foto del meu fill\/a a la inscripci\u00f3?<\/strong><\/em><br>Les fotos s\u00f3n perqu\u00e8 els entrenadors puguin anar familiaritzant-se amb els noms i les cares. \u00c9s molt important que l\u2019entrenador i el monitor puguin adre\u00e7ar-se al nen\/a i que aquesta feina ja estigui feta pr\u00e8viament. La foto \u00e9s imprescindible per al desenvolupament \u00f2ptim del campus, tant per a l\u2019alumne com per a l\u2019organitzaci\u00f3.  <\/li><li><em>Per qu\u00e8 he de signar el document de drets d\u2019imatge del menor?<\/em><br>L\u2019acceptaci\u00f3 del document de drets d\u2019imatge permet a l\u2019Iniesta Academy gravar els vostres fills\/es i que les seves imatges puguin ser publicades a les nostres xarxes socials.<br>En cas que alguna fam\u00edlia no vulgui que el seu fill\/a surti p\u00fablicament, haur\u00e0 de seleccionar l\u2019opci\u00f3 de no acceptaci\u00f3 del document en el moment del registre.<br><p> <\/p><p>PAGAMENT I PROMOCIONS<\/p><\/li><li><span style=\"text-decoration: underline;\"><b><i>Puc fraccionar el pagament?<\/i><\/b><\/span><br>En el cas que hi hagi la possibilitat de fraccionar el pagament, es donar\u00e0 l\u2019opci\u00f3 amb la plataforma Klarna.<br>\u00c9s possible que no es doni l\u2019opci\u00f3 de fraccionar el pagament directament, ja que no est\u00e0 habilitat en tots els productes. En cas de tenir dubtes, consulteu al correu <a href=\"mailto:camps@iniestacademy.com\" target=\"_blank\" rel=\"noopener\">camps@iniestacademy.com<\/a>.<br> <\/li><li><em><strong>Pol\u00edtica de descomptes<\/strong><\/em><br>En el moment de realitzar la inscripci\u00f3, es veuran reflectits els descomptes i les opcions que cada Campus tingui assignats.<br>Les diferents modalitats i\/o r\u00e8gims d\u2019inscripci\u00f3 tenen un preu diferent i no es considera un descompte, sin\u00f3 un preu proporcional al servei contractat.<br>No obstant aix\u00f2, l\u2019Iniesta Academy es reserva el dret de fer promocions i descomptes a trav\u00e9s dels seus canals de comunicaci\u00f3 i de les xarxes socials.<\/li><li><strong><em>Pol\u00edtica de devolucions<\/em><\/strong><br>En cas de causa major justificada, la devoluci\u00f3 de l\u2019import ser\u00e0 del 100%.<br>En cas de cancel\u00b7laci\u00f3 20 dies abans de l\u2019inici de l\u2019esdeveniment, es reemborsar\u00e0 el 50% de l\u2019import abonat en cas de lesi\u00f3 o for\u00e7a major degudament acreditada. Aquesta informaci\u00f3 es validar\u00e0 i comprovar\u00e0 de manera individual. En cas que la documentaci\u00f3 acreditativa no sigui v\u00e0lida, no es realitzar\u00e0 la devoluci\u00f3.<br>  <br>En cas de cancel\u00b7laci\u00f3 un cop iniciada la realitzaci\u00f3 del campus, no hi haur\u00e0 dret a la devoluci\u00f3 de cap quantitat, excepte en casos de lesi\u00f3 o for\u00e7a major degudament justificats, en els quals es reemborsar\u00e0 un 25% del preu total.<br>En altres casos, com viatges o imprevistos, \u00e9s a dir, causes NO de for\u00e7a major, s\u2019haur\u00e0 de posar en contacte amb <span style=\"text-decoration: underline;\"><a href=\"mailto:camps@iniestacademy.com\" target=\"_blank\" rel=\"noopener\">camps@iniestacademy.com<\/a><\/span> i analitzarem el cas de manera particular.<br>Si fos necess\u00e0ria la realitzaci\u00f3 d\u2019alguna devoluci\u00f3, aquesta es far\u00e0 efectiva en finalitzar l\u2019esdeveniment i al m\u00e9s aviat possible.<br><p>SERVEIS ADDICIONALS<\/p><\/li><li><strong><em>Equipacions<\/em><\/strong><br>Una equipaci\u00f3 completa consta de samarreta, pantalons curts i mitjons.<br> Els nens\/es seran responsables d&#8217;utilitzar correctament l&#8217;equipaci\u00f3.<p>Recomanem que sempre trieu una talla superior a la que porten.<br>Un cop escollida la talla NO es permetran ni canvis ni devolucions. Podeu consultar les mides de les equipacions a la <a href=\"https:\/\/iniestacademy.com\/ca\/guia-de-talles\/\" target=\"_blank\" rel=\"noopener\">Guia de talles.<\/a><br>En el cas de voler una equipaci\u00f3 addicional, s\u2019haur\u00e0 d\u2019abonar en el moment de la inscripci\u00f3. El seu preu \u00e9s de 45\u20ac.  <\/p><\/li><li><strong><em>Servei d\u2019autob\u00fas<\/em><\/strong><br>La disponibilitat del servei de transport dependr\u00e0 de la casu\u00edstica de cada esdeveniment. En el moment de la inscripci\u00f3 es donar\u00e0, o no, la possibilitat d\u2019aquesta opci\u00f3 i s\u2019informar\u00e0 del preu corresponent.<br>A l\u2019autob\u00fas viatjar\u00e0 part de l\u2019staff de l\u2019Iniesta Academy.<br>Els detalls del lloc, hora de sortida i arribada s\u2019especificaran per correu electr\u00f2nic a les fam\u00edlies que sol\u00b7licitin aquesta opci\u00f3.<br>En cas de cancel\u00b7lar el servei de bus o el servei de tornada, no es retornar\u00e0 l\u2019import. <br><p>DIN\u00c0MICA DEL CAMPUS<\/p><\/li><li><em><strong>Hi ha entrenament per a porters?<\/strong><\/em><br>La metodologia d\u2019entrenament de l\u2019Iniesta Academy est\u00e0 orientada a jugadors de camp. Tot i aix\u00ed, si la teva posici\u00f3 \u00e9s la de porter, et convidem a inscriure\u2019t.<br>T\u2019animem a entrenar amb la resta de participants, ja que en tots els nostres cl\u00ednics i campus tenim entrenadors espec\u00edfics d\u2019aquesta posici\u00f3. <\/li><li><strong><em>Com es reparteixen els grups?<\/em><\/strong><br>Els grups es reparteixen per edats tant per a les sessions d\u2019entrenament com per a l\u2019assignaci\u00f3 d\u2019habitacions en cas que hi hagi pernoctaci\u00f3.<br>El grup sempre es mantindr\u00e0 el m\u00e9s unit possible durant el transcurs del campus.<br>El nombre de places ser\u00e0 d\u2019entre 8 i 12 nens per grup. Si hi ha molts nens concentrats en una edat, es realitzaran diversos grups.<br>La direcci\u00f3 del campus es reserva la potestat de fer canvis de grup per motius de nivell i sempre per garantir que l\u2019experi\u00e8ncia i la conviv\u00e8ncia siguin excel\u00b7lents. <\/li><li><em><strong>Qu\u00e8 cal portar?<\/strong><\/em><br>Amb setmanes d&#8217;antelaci\u00f3 a l&#8217;esdeveniment us farem arribar un correu electr\u00f2nic amb tot el material que han de portar els alumnes\/as, aix\u00ed com tamb\u00e9 les coses que no podran portar al campus.<\/li><li><strong><em>Quin tipus de gespa tenen els camps d\u2019entrenament?<\/em><\/strong><br>Al Summer Camp de Ll\u00edvia tots els camps d\u2019entrenament tenen gespa natural.<br>En altres campus, el terreny de joc \u00e9s de gespa artificial.<br>De totes maneres, informarem amb detall la superf\u00edcie en qu\u00e8 es realitzar\u00e0 cada esdeveniment.<br><\/li><li><strong><em>Al\u00b7l\u00e8rgies, intoler\u00e0ncies i medicaci\u00f3<\/em><\/strong><br>Tots els nens\/es que hagin de seguir una pauta espec\u00edfica o pateixin alguna intoler\u00e0ncia aliment\u00e0ria o al\u00b7l\u00e8rgia ho hauran de notificar expl\u00edcitament al formulari d\u2019inscripci\u00f3.<br><br>En cas d&#8217;al\u00b7l\u00e8rgies i\/o intoler\u00e0ncies haur\u00e0 d&#8217;especificar els aliments i tamb\u00e9 proporcionar l&#8217;ant\u00eddot.<br>Si el nen\/a pren un medicament espec\u00edfic, ho ha de notificar a l&#8217;organitzaci\u00f3 perqu\u00e8 tutor o entrenador sigui l&#8217;encarregat de subministrar la medicaci\u00f3 segons les instruccions indicades pels pares.<br>Desde Iniesta Academy no medicaremos a los ni\u00f1os sin previa autorizaci\u00f3n y permiso de los padres.<br>En cas d\u2019emerg\u00e8ncia o assist\u00e8ncia m\u00e8dica, trucarem als pares per informar en tot moment dels passos a seguir amb les indicacions corresponents.<\/li><li><em><strong>Qu\u00e8 ocorre si el meu fill\/a se troba malament?<\/strong><\/em><br>En primer lloc, ens posarem en contacte amb vosaltres i us informarem de la situaci\u00f3. En cas de for\u00e7a major, amb l\u2019autoritzaci\u00f3 dels pares portarem el vostre fill\/a a un centre d\u2019assist\u00e8ncia m\u00e8dica i\/o seguirem les vostres indicacions. <p>CANALS DE COMUNICACI\u00d3<\/p><\/li><li><em><strong>Amb qui haig de contactar en cas d&#8217;urg\u00e8ncia?<\/strong><\/em><br>Un cop els nens estiguin inscrits, us facilitarem els contactes i els responsables perqu\u00e8 pugueu contactar directament amb els entrenadors i monitors nom\u00e9s per a casos puntuals i espec\u00edfics.<\/li><li><strong><em>Informaci\u00f3 i seguiment<\/em><\/strong><br>Un cop els nens estiguin inscrits, s\u2019enviaran comunicats, notificacions i informaci\u00f3 rellevant a trav\u00e9s del correu electr\u00f2nic.<br><\/li><li><em><strong>Altres preguntes o dubtes<\/strong><\/em><br>En cas de tenir qualsevol dubte no contemplat en aquest document, estarem encantats d\u2019atendre-us a trav\u00e9s del seg\u00fcent correu electr\u00f2nic: <a href=\"mailto:camps@iniestacademy.com\">camps@iniestacademy.com<\/a>, indicant-nos les vostres dades.<br><\/li><li><span style=\"font-weight: 400;\"> <\/span><\/li><\/ol>\t\t\t\t\t\t\t\t<\/div>\n\t\t\t\t<\/div>\n\t\t\t\t\t<\/div>\n\t\t<\/div>\n\t\t\t\t\t<\/div>\n\t\t<\/section>\n\t\t\t\t<\/div>\n\t\t","protected":false},"excerpt":{"rendered":"<p>FAQs CLINICS CAMPS INIESTA ACADEMY On puc registrar-me?Pots registrar-te als seg\u00fcents enlla\u00e7os: Salou, Ll\u00edvia, Alc\u00e1zar de San Juan. Si tens algun dubte, contacta\u2019ns a camps@iniestacademy.com. No puc fer el registre Si vols apuntar-te a la llista, contacta\u2019ns a camps@iniestacademy.com i deixa\u2019ns les teves dades. Et contactarem al m\u00e9s aviat possible. Quines edats poden participar al [&hellip;]<\/p>\n","protected":false},"author":2,"featured_media":0,"parent":0,"menu_order":2,"comment_status":"closed","ping_status":"closed","template":"","meta":{"_acf_changed":false,"inline_featured_image":false,"footnotes":""},"class_list":["post-18001","page","type-page","status-publish","hentry"],"acf":[],"yoast_head":"<!-- This site is optimized with the Yoast SEO plugin v25.3 - https:\/\/yoast.com\/wordpress\/plugins\/seo\/ -->\n<title>Faqs clinics camps Iniesta Academy - Iniesta Academy<\/title>\n<meta name=\"robots\" content=\"index, follow, max-snippet:-1, max-image-preview:large, max-video-preview:-1\" \/>\n<link rel=\"canonical\" href=\"https:\/\/iniestacademy.com\/ca\/faqs-clinics-camps-iniesta-academy\/\" \/>\n<meta property=\"og:locale\" content=\"ca_ES\" \/>\n<meta property=\"og:type\" content=\"article\" \/>\n<meta property=\"og:title\" content=\"Faqs clinics camps Iniesta Academy - Iniesta Academy\" \/>\n<meta property=\"og:description\" content=\"FAQs CLINICS CAMPS INIESTA ACADEMY On puc registrar-me?Pots registrar-te als seg\u00fcents enlla\u00e7os: Salou, Ll\u00edvia, Alc\u00e1zar de San Juan. Si tens algun dubte, contacta\u2019ns a camps@iniestacademy.com. No puc fer el registre Si vols apuntar-te a la llista, contacta\u2019ns a camps@iniestacademy.com i deixa\u2019ns les teves dades. Et contactarem al m\u00e9s aviat possible. Quines edats poden participar al [&hellip;]\" \/>\n<meta property=\"og:url\" content=\"https:\/\/iniestacademy.com\/ca\/faqs-clinics-camps-iniesta-academy\/\" \/>\n<meta property=\"og:site_name\" content=\"Iniesta Academy\" \/>\n<meta property=\"article:publisher\" content=\"https:\/\/www.linkedin.com\/company\/iniestacademy\/\" \/>\n<meta property=\"article:modified_time\" content=\"2026-03-23T10:31:51+00:00\" \/>\n<meta name=\"twitter:card\" content=\"summary_large_image\" \/>\n<meta name=\"twitter:label1\" content=\"Temps estimat de lectura\" \/>\n\t<meta name=\"twitter:data1\" content=\"6 minuts\" \/>\n<script type=\"application\/ld+json\" class=\"yoast-schema-graph\">{\"@context\":\"https:\/\/schema.org\",\"@graph\":[{\"@type\":\"WebPage\",\"@id\":\"https:\/\/iniestacademy.com\/ca\/faqs-clinics-camps-iniesta-academy\/\",\"url\":\"https:\/\/iniestacademy.com\/ca\/faqs-clinics-camps-iniesta-academy\/\",\"name\":\"Faqs clinics camps Iniesta Academy - Iniesta Academy\",\"isPartOf\":{\"@id\":\"https:\/\/iniestacademy.com\/#website\"},\"primaryImageOfPage\":{\"@id\":\"https:\/\/iniestacademy.com\/ca\/faqs-clinics-camps-iniesta-academy\/#primaryimage\"},\"image\":{\"@id\":\"https:\/\/iniestacademy.com\/ca\/faqs-clinics-camps-iniesta-academy\/#primaryimage\"},\"thumbnailUrl\":\"https:\/\/iniestacademy.com\/wp-content\/uploads\/2023\/05\/Frame-3.svg\",\"datePublished\":\"2025-04-10T15:31:26+00:00\",\"dateModified\":\"2026-03-23T10:31:51+00:00\",\"breadcrumb\":{\"@id\":\"https:\/\/iniestacademy.com\/ca\/faqs-clinics-camps-iniesta-academy\/#breadcrumb\"},\"inLanguage\":\"ca\",\"potentialAction\":[{\"@type\":\"ReadAction\",\"target\":[\"https:\/\/iniestacademy.com\/ca\/faqs-clinics-camps-iniesta-academy\/\"]}]},{\"@type\":\"ImageObject\",\"inLanguage\":\"ca\",\"@id\":\"https:\/\/iniestacademy.com\/ca\/faqs-clinics-camps-iniesta-academy\/#primaryimage\",\"url\":\"https:\/\/iniestacademy.com\/wp-content\/uploads\/2023\/05\/Frame-3.svg\",\"contentUrl\":\"https:\/\/iniestacademy.com\/wp-content\/uploads\/2023\/05\/Frame-3.svg\"},{\"@type\":\"BreadcrumbList\",\"@id\":\"https:\/\/iniestacademy.com\/ca\/faqs-clinics-camps-iniesta-academy\/#breadcrumb\",\"itemListElement\":[{\"@type\":\"ListItem\",\"position\":1,\"name\":\"Portada\",\"item\":\"https:\/\/iniestacademy.com\/ca\/better-people-better-players\/\"},{\"@type\":\"ListItem\",\"position\":2,\"name\":\"Faqs clinics camps Iniesta Academy\"}]},{\"@type\":\"WebSite\",\"@id\":\"https:\/\/iniestacademy.com\/#website\",\"url\":\"https:\/\/iniestacademy.com\/\",\"name\":\"Iniesta Academy\",\"description\":\"Iniesta methodology academy\",\"publisher\":{\"@id\":\"https:\/\/iniestacademy.com\/#organization\"},\"potentialAction\":[{\"@type\":\"SearchAction\",\"target\":{\"@type\":\"EntryPoint\",\"urlTemplate\":\"https:\/\/iniestacademy.com\/?s={search_term_string}\"},\"query-input\":{\"@type\":\"PropertyValueSpecification\",\"valueRequired\":true,\"valueName\":\"search_term_string\"}}],\"inLanguage\":\"ca\"},{\"@type\":\"Organization\",\"@id\":\"https:\/\/iniestacademy.com\/#organization\",\"name\":\"Iniesta Academy\",\"url\":\"https:\/\/iniestacademy.com\/\",\"logo\":{\"@type\":\"ImageObject\",\"inLanguage\":\"ca\",\"@id\":\"https:\/\/iniestacademy.com\/#\/schema\/logo\/image\/\",\"url\":\"https:\/\/iniestacademy.com\/wp-content\/uploads\/2022\/10\/Logo-Header-1.svg\",\"contentUrl\":\"https:\/\/iniestacademy.com\/wp-content\/uploads\/2022\/10\/Logo-Header-1.svg\",\"width\":208,\"height\":60,\"caption\":\"Iniesta Academy\"},\"image\":{\"@id\":\"https:\/\/iniestacademy.com\/#\/schema\/logo\/image\/\"},\"sameAs\":[\"https:\/\/www.linkedin.com\/company\/iniestacademy\/\",\"https:\/\/www.tiktok.com\/@iniestacademy\",\"https:\/\/www.instagram.com\/iniestacademy\/\"]}]}<\/script>\n<!-- \/ Yoast SEO plugin. -->","yoast_head_json":{"title":"Faqs clinics camps Iniesta Academy - Iniesta Academy","robots":{"index":"index","follow":"follow","max-snippet":"max-snippet:-1","max-image-preview":"max-image-preview:large","max-video-preview":"max-video-preview:-1"},"canonical":"https:\/\/iniestacademy.com\/ca\/faqs-clinics-camps-iniesta-academy\/","og_locale":"ca_ES","og_type":"article","og_title":"Faqs clinics camps Iniesta Academy - Iniesta Academy","og_description":"FAQs CLINICS CAMPS INIESTA ACADEMY On puc registrar-me?Pots registrar-te als seg\u00fcents enlla\u00e7os: Salou, Ll\u00edvia, Alc\u00e1zar de San Juan. Si tens algun dubte, contacta\u2019ns a camps@iniestacademy.com. No puc fer el registre Si vols apuntar-te a la llista, contacta\u2019ns a camps@iniestacademy.com i deixa\u2019ns les teves dades. Et contactarem al m\u00e9s aviat possible. Quines edats poden participar al [&hellip;]","og_url":"https:\/\/iniestacademy.com\/ca\/faqs-clinics-camps-iniesta-academy\/","og_site_name":"Iniesta Academy","article_publisher":"https:\/\/www.linkedin.com\/company\/iniestacademy\/","article_modified_time":"2026-03-23T10:31:51+00:00","twitter_card":"summary_large_image","twitter_misc":{"Temps estimat de lectura":"6 minuts"},"schema":{"@context":"https:\/\/schema.org","@graph":[{"@type":"WebPage","@id":"https:\/\/iniestacademy.com\/ca\/faqs-clinics-camps-iniesta-academy\/","url":"https:\/\/iniestacademy.com\/ca\/faqs-clinics-camps-iniesta-academy\/","name":"Faqs clinics camps Iniesta Academy - Iniesta Academy","isPartOf":{"@id":"https:\/\/iniestacademy.com\/#website"},"primaryImageOfPage":{"@id":"https:\/\/iniestacademy.com\/ca\/faqs-clinics-camps-iniesta-academy\/#primaryimage"},"image":{"@id":"https:\/\/iniestacademy.com\/ca\/faqs-clinics-camps-iniesta-academy\/#primaryimage"},"thumbnailUrl":"https:\/\/iniestacademy.com\/wp-content\/uploads\/2023\/05\/Frame-3.svg","datePublished":"2025-04-10T15:31:26+00:00","dateModified":"2026-03-23T10:31:51+00:00","breadcrumb":{"@id":"https:\/\/iniestacademy.com\/ca\/faqs-clinics-camps-iniesta-academy\/#breadcrumb"},"inLanguage":"ca","potentialAction":[{"@type":"ReadAction","target":["https:\/\/iniestacademy.com\/ca\/faqs-clinics-camps-iniesta-academy\/"]}]},{"@type":"ImageObject","inLanguage":"ca","@id":"https:\/\/iniestacademy.com\/ca\/faqs-clinics-camps-iniesta-academy\/#primaryimage","url":"https:\/\/iniestacademy.com\/wp-content\/uploads\/2023\/05\/Frame-3.svg","contentUrl":"https:\/\/iniestacademy.com\/wp-content\/uploads\/2023\/05\/Frame-3.svg"},{"@type":"BreadcrumbList","@id":"https:\/\/iniestacademy.com\/ca\/faqs-clinics-camps-iniesta-academy\/#breadcrumb","itemListElement":[{"@type":"ListItem","position":1,"name":"Portada","item":"https:\/\/iniestacademy.com\/ca\/better-people-better-players\/"},{"@type":"ListItem","position":2,"name":"Faqs clinics camps Iniesta Academy"}]},{"@type":"WebSite","@id":"https:\/\/iniestacademy.com\/#website","url":"https:\/\/iniestacademy.com\/","name":"Iniesta Academy","description":"Iniesta methodology academy","publisher":{"@id":"https:\/\/iniestacademy.com\/#organization"},"potentialAction":[{"@type":"SearchAction","target":{"@type":"EntryPoint","urlTemplate":"https:\/\/iniestacademy.com\/?s={search_term_string}"},"query-input":{"@type":"PropertyValueSpecification","valueRequired":true,"valueName":"search_term_string"}}],"inLanguage":"ca"},{"@type":"Organization","@id":"https:\/\/iniestacademy.com\/#organization","name":"Iniesta Academy","url":"https:\/\/iniestacademy.com\/","logo":{"@type":"ImageObject","inLanguage":"ca","@id":"https:\/\/iniestacademy.com\/#\/schema\/logo\/image\/","url":"https:\/\/iniestacademy.com\/wp-content\/uploads\/2022\/10\/Logo-Header-1.svg","contentUrl":"https:\/\/iniestacademy.com\/wp-content\/uploads\/2022\/10\/Logo-Header-1.svg","width":208,"height":60,"caption":"Iniesta Academy"},"image":{"@id":"https:\/\/iniestacademy.com\/#\/schema\/logo\/image\/"},"sameAs":["https:\/\/www.linkedin.com\/company\/iniestacademy\/","https:\/\/www.tiktok.com\/@iniestacademy","https:\/\/www.instagram.com\/iniestacademy\/"]}]}},"_links":{"self":[{"href":"https:\/\/iniestacademy.com\/ca\/wp-json\/wp\/v2\/pages\/18001","targetHints":{"allow":["GET"]}}],"collection":[{"href":"https:\/\/iniestacademy.com\/ca\/wp-json\/wp\/v2\/pages"}],"about":[{"href":"https:\/\/iniestacademy.com\/ca\/wp-json\/wp\/v2\/types\/page"}],"author":[{"embeddable":true,"href":"https:\/\/iniestacademy.com\/ca\/wp-json\/wp\/v2\/users\/2"}],"replies":[{"embeddable":true,"href":"https:\/\/iniestacademy.com\/ca\/wp-json\/wp\/v2\/comments?post=18001"}],"version-history":[{"count":9,"href":"https:\/\/iniestacademy.com\/ca\/wp-json\/wp\/v2\/pages\/18001\/revisions"}],"predecessor-version":[{"id":19766,"href":"https:\/\/iniestacademy.com\/ca\/wp-json\/wp\/v2\/pages\/18001\/revisions\/19766"}],"wp:attachment":[{"href":"https:\/\/iniestacademy.com\/ca\/wp-json\/wp\/v2\/media?parent=18001"}],"curies":[{"name":"wp","href":"https:\/\/api.w.org\/{rel}","templated":true}]}}