{"id":13646,"date":"2024-04-12T11:16:59","date_gmt":"2024-04-12T11:16:59","guid":{"rendered":"https:\/\/iniestacademy.com\/drets-de-fotografia-i-imatge\/"},"modified":"2025-04-23T10:40:20","modified_gmt":"2025-04-23T10:40:20","slug":"drets-de-fotografia-i-imatge","status":"publish","type":"page","link":"https:\/\/iniestacademy.com\/ca\/drets-de-fotografia-i-imatge\/","title":{"rendered":"Drets de fotografia i imatge."},"content":{"rendered":"\t\t<div data-elementor-type=\"wp-page\" data-elementor-id=\"13646\" class=\"elementor elementor-13646 elementor-13641\" data-elementor-post-type=\"page\">\n\t\t\t\t\t\t<section data-particle_enable=\"false\" data-particle-mobile-disabled=\"false\" class=\"elementor-section elementor-top-section elementor-element elementor-element-03bb4c8 elementor-section-content-middle elementor-section-boxed elementor-section-height-default elementor-section-height-default\" data-id=\"03bb4c8\" data-element_type=\"section\">\n\t\t\t\t\t\t<div class=\"elementor-container elementor-column-gap-default\">\n\t\t\t\t\t<div class=\"elementor-column elementor-col-50 elementor-top-column elementor-element elementor-element-ba579c1\" data-id=\"ba579c1\" data-element_type=\"column\">\n\t\t\t<div class=\"elementor-widget-wrap elementor-element-populated\">\n\t\t\t\t\t\t<div class=\"elementor-element elementor-element-bd981ef elementor-invisible elementor-widget elementor-widget-heading\" data-id=\"bd981ef\" data-element_type=\"widget\" data-settings=\"{&quot;_animation&quot;:&quot;fadeInUp&quot;}\" data-widget_type=\"heading.default\">\n\t\t\t\t<div class=\"elementor-widget-container\">\n\t\t\t\t\t<h1 class=\"elementor-heading-title elementor-size-default\">Drets de fotografia i imatge.<\/h1>\t\t\t\t<\/div>\n\t\t\t\t<\/div>\n\t\t\t\t\t<\/div>\n\t\t<\/div>\n\t\t\t\t<div class=\"elementor-column elementor-col-50 elementor-top-column elementor-element elementor-element-fb521ef elementor-hidden-mobile\" data-id=\"fb521ef\" data-element_type=\"column\">\n\t\t\t<div class=\"elementor-widget-wrap elementor-element-populated\">\n\t\t\t\t\t\t<div class=\"elementor-element elementor-element-ff32e21 elementor-widget-mobile__width-auto elementor-widget elementor-widget-image\" data-id=\"ff32e21\" data-element_type=\"widget\" data-widget_type=\"image.default\">\n\t\t\t\t<div class=\"elementor-widget-container\">\n\t\t\t\t\t\t\t\t\t\t\t\t\t\t\t<img fetchpriority=\"high\" decoding=\"async\" width=\"800\" height=\"485\" src=\"https:\/\/iniestacademy.com\/wp-content\/uploads\/2023\/05\/Frame-4.svg\" class=\"attachment-large size-large wp-image-7440\" alt=\"\" \/>\t\t\t\t\t\t\t\t\t\t\t\t\t\t\t<\/div>\n\t\t\t\t<\/div>\n\t\t\t\t\t<\/div>\n\t\t<\/div>\n\t\t\t\t\t<\/div>\n\t\t<\/section>\n\t\t\t\t<section data-particle_enable=\"false\" data-particle-mobile-disabled=\"false\" class=\"elementor-section elementor-top-section elementor-element elementor-element-25a765b elementor-section-boxed elementor-section-height-default elementor-section-height-default\" data-id=\"25a765b\" data-element_type=\"section\">\n\t\t\t\t\t\t<div class=\"elementor-container elementor-column-gap-default\">\n\t\t\t\t\t<div class=\"elementor-column elementor-col-100 elementor-top-column elementor-element elementor-element-88f6f62\" data-id=\"88f6f62\" data-element_type=\"column\">\n\t\t\t<div class=\"elementor-widget-wrap elementor-element-populated\">\n\t\t\t\t\t\t<div class=\"elementor-element elementor-element-88ea518 text-legal elementor-widget elementor-widget-text-editor\" data-id=\"88ea518\" data-element_type=\"widget\" data-widget_type=\"text-editor.default\">\n\t\t\t\t<div class=\"elementor-widget-container\">\n\t\t\t\t\t\t\t\t\t<p>AUTORITZO l&#8217;\u00fas de la imatge del menor segons els termes seg\u00fcents:<\/p><p>I.- Que AUTORITZO a l&#8217;empresa &#8220;AGENCY BY SPORTS AND LIFE, #S.L.O.&#8221;, amb CIF n\u00fam.: B-67599506 (d&#8217;ara endavant \u201cNSN\u201d), domiciliada a Barcelona (08006), Via Augusta 17, Principal, a la captaci\u00f3 i fixaci\u00f3 de la imatge i veu del menor, Iniesta Academy que se celebra del 30\/06\/2024 al 13\/07\/2024 a la poblaci\u00f3 de Ll\u00edvia, amb el prop\u00f2sit que \u201cNSN\u201d o els seus cessionaris puguin incorporar-les a qualsevol creaci\u00f3 gr\u00e0fica, audiovisual i\/o contingut per a la seva publicaci\u00f3 a Xarxes Socials, i tot aix\u00f2 amb finalitats promocionals i fins fines comercials OBRA\/PRODUCCI\u00d3).<\/p><p>II.- Que mitjan\u00e7ant aquesta AUTORITZACI\u00d3 es faculta \u201cNSN\u201d per a l&#8217;edici\u00f3 dels registres\/captaci\u00f3 d&#8217;imatges realitzades al menor, i amb aix\u00f2 al tractament de la seva imatge\/veu, sempre segons la finalitat expressada a l&#8217;apartat anterior (i per a la seva incorporaci\u00f3 a l&#8217;Obra\/Producci\u00f3 i la publicitat de la mateixa amb vista a la seva explotaci\u00f3), inclosa la facultat de cessi\u00f3 a tercers per tal de la normal explotaci\u00f3 i difusi\u00f3 de l&#8217;Obra, i sense que per tot aix\u00f2 es requereixi ulterior autoritzaci\u00f3 per part del sotasignat, ni doni lloc a l&#8217;obligaci\u00f3 de pagament de cap contraprestaci\u00f3, ni pressuposi el muntatge de les imatges gravades a l&#8217;Obra. En particular, s&#8217;AUTORITZA a \u201cNSN\u201d i\/o els seus cessionaris a la reproducci\u00f3, distribuci\u00f3, comunicaci\u00f3 p\u00fablica en mitjans audiovisuals i telem\u00e0tics, posada a disposici\u00f3 i transformaci\u00f3, sobre els registres i l&#8217;Obra amb vista a la seva explotaci\u00f3 (incl\u00f2s qualsevol fragment, seq\u00fc\u00e8ncia o fotograma del registre). Aix\u00ed mateix, aquest material podr\u00e0 ser utilitzat per a la difusi\u00f3 i publicitat d&#8217;altres activitats i esdeveniments a la p\u00e0gina web i xarxes socials de \u201cNSN\u201d i\/o els seus cessionaris, en fullets i\/o cartells publicitaris, aix\u00ed com en premsa.<\/p><p>III.- Als efectes del que disposa el Reglament (UE) de 2016\/679 del Parlament Europeu i del Consell (RGPD) de 27 d&#8217;abril de 2016, relatiu a la protecci\u00f3 de les persones f\u00edsiques en relaci\u00f3 amb el tractament de dades personals, l&#8217;autoritzador reconeix haver estat informat que les seves dades personals, aix\u00ed com les dades personals, la imatge i les dades personals, la imatge i \u201cNSN\u201d per tal de dur a terme la producci\u00f3 i explotaci\u00f3 de l&#8217;OBRA\/PRODUCCI\u00d3 a tots els mitjans telem\u00e0tics i\/o televisius. L&#8217;autoritzador reconeix haver estat informat que pot exercir els drets d&#8217;acc\u00e9s, rectificaci\u00f3, supressi\u00f3, limitaci\u00f3 i portabilitat, mitjan\u00e7ant escrit amb la refer\u00e8ncia \u201cProtecci\u00f3 de dades\u201d dirigit al carrer Via Augusta 17, Principal, 08006, oa l&#8217;adre\u00e7a de correu electr\u00f2nic jordijoan@wearensn.com. L&#8217;escrit haur\u00e0 d&#8217;incloure el nom, els cognoms i el n\u00famero de #DNI del sol\u00b7licitant, aix\u00ed com la petici\u00f3 en qu\u00e8 es concreta la sol\u00b7licitud i un domicili o correu electr\u00f2nic a efectes de notificacions.<\/p><p>IV.- De conformitat amb l&#8217;art. 4 de la Llei org\u00e0nica 1\/1996, de 15 de gener, de Protecci\u00f3 Jur\u00eddica del Menor, &#8220;NSN&#8221; i\/o els seus cessionaris es comprometen a respectar el dret a l&#8217;honor, a la intimitat personal i familiar ia la pr\u00f2pia imatge del menor, de manera que la difusi\u00f3 i utilitzaci\u00f3 de les imatges\/veu del menor es realitzar\u00e0 sense detriment del seu honor o reputaci\u00f3, ni de manera contr\u00e0ria als seus interessos, fins i tot amb el consentiment del menor o dels seus representants legals, #respectant aix\u00ed mateix la legalitat vigent .<\/p><p>V.- Aquesta AUTORITZACI\u00d3 s&#8217;atorga de conformitat amb el que estableix l&#8217;art. 2 de la Llei org\u00e0nica 1\/1982, de 5 de maig, de protecci\u00f3 civil del dret a l&#8217;honor, a la intimitat personal i familiar ia la pr\u00f2pia imatge, per la qual cosa, d&#8217;acord amb el que preveu l&#8217;apartat tres de l&#8217;article esmentat, aquest consentiment ser\u00e0 revocable en qualsevol moment, i en aquest cas, l&#8217;autoritzador estar\u00e0 obligat a indemnitzar NNS i\/o els seus cessionaris, dels danys i perjudicis que fossin causats, si escau, per la posterior revocaci\u00f3, incloent-hi les expectatives justificades.<\/p>\t\t\t\t\t\t\t\t<\/div>\n\t\t\t\t<\/div>\n\t\t\t\t\t<\/div>\n\t\t<\/div>\n\t\t\t\t\t<\/div>\n\t\t<\/section>\n\t\t\t\t<section data-particle_enable=\"false\" data-particle-mobile-disabled=\"false\" class=\"elementor-section elementor-top-section elementor-element elementor-element-b511ccb elementor-section-full_width elementor-section-stretched elementor-section-height-min-height elementor-section-height-default elementor-section-items-middle\" data-id=\"b511ccb\" data-element_type=\"section\" data-settings=\"{&quot;stretch_section&quot;:&quot;section-stretched&quot;,&quot;background_background&quot;:&quot;classic&quot;}\">\n\t\t\t\t\t\t<div class=\"elementor-container elementor-column-gap-default\">\n\t\t\t\t\t<div class=\"elementor-column elementor-col-100 elementor-top-column elementor-element elementor-element-c7975e0\" data-id=\"c7975e0\" data-element_type=\"column\">\n\t\t\t<div class=\"elementor-widget-wrap elementor-element-populated\">\n\t\t\t\t\t\t<div class=\"elementor-element elementor-element-bf79739 elementor-widget elementor-widget-qi_addons_for_elementor_text_marquee\" data-id=\"bf79739\" data-element_type=\"widget\" data-widget_type=\"qi_addons_for_elementor_text_marquee.default\">\n\t\t\t\t<div class=\"elementor-widget-container\">\n\t\t\t\t\t<div class=\"qodef-shortcode qodef-m qodef-qi-text-marquee qodef-layout--default\">\n\t<div class=\"qodef-m-content\">\n\t\t<div class=\"qodef-m-text qodef-text--original\">\n\t\t\t\t\t\t\t<span class=\"qodef-m-text-item elementor-repeater-item-eeaae20\" ><span style=\"font-weight: 800\">SPONSORS<\/span><\/span>\n\t\t\t\t\t\t\t\t\t\t\t<span class=\"qodef-m-text-item elementor-repeater-item-1df1e07\" >SPONSORS<\/span>\n\t\t\t\t\t\t\t\t\t\t\t<span class=\"qodef-m-text-item elementor-repeater-item-61bc447\" ><span style=\"font-weight: 800\">SPONSORS<\/span><\/span>\n\t\t\t\t\t\t\t\t\t\t\t<span class=\"qodef-m-text-item elementor-repeater-item-0ac8b0c\" >SPONSORS<\/span>\n\t\t\t\t\t\t\t\t\t\t\t<span class=\"qodef-m-text-item elementor-repeater-item-707dfc1\" ><span style=\"font-weight: 800\">SPONSORS<\/span><\/span>\n\t\t\t\t\t\t\t\t\t\t\t<span class=\"qodef-m-text-item elementor-repeater-item-eb0a8f7\" >SPONSORS<\/span>\n\t\t\t\t\t\t\t\t\t\t\t<span class=\"qodef-m-text-item elementor-repeater-item-4cadf86\" ><span style=\"font-weight: 800\">SPONSORS<\/span><\/span>\n\t\t\t\t\t\t\t\t\t\t\t<span class=\"qodef-m-text-item elementor-repeater-item-ab4827d\" >SPONSORS<\/span>\n\t\t\t\t\t\t\t\t\t\t\t<span class=\"qodef-m-text-item elementor-repeater-item-bd5676b\" ><span style=\"font-weight: 800\">SPONSORS<\/span><\/span>\n\t\t\t\t\t\t\t\t\t\t\t<span class=\"qodef-m-text-item elementor-repeater-item-f36211c\" >SPONSORS<\/span>\n\t\t\t\t\t\t\t\t\t\t\t<span class=\"qodef-m-text-item elementor-repeater-item-fd83c56\" ><span style=\"font-weight: 800\">SPONSORS<\/span><\/span>\n\t\t\t\t\t\t\t\t\t\t\t<span class=\"qodef-m-text-item elementor-repeater-item-b7911d7\" >SPONSORS<\/span>\n\t\t\t\t\t\t\t\t\t<\/div>\n\t\t<div class=\"qodef-m-text qodef-text--copy\">\n\t\t\t\t\t\t\t<span class=\"qodef-m-text-item elementor-repeater-item-eeaae20\" ><span style=\"font-weight: 800\">SPONSORS<\/span><\/span>\n\t\t\t\t\t\t\t\t\t\t\t<span class=\"qodef-m-text-item elementor-repeater-item-1df1e07\" >SPONSORS<\/span>\n\t\t\t\t\t\t\t\t\t\t\t<span class=\"qodef-m-text-item elementor-repeater-item-61bc447\" ><span style=\"font-weight: 800\">SPONSORS<\/span><\/span>\n\t\t\t\t\t\t\t\t\t\t\t<span class=\"qodef-m-text-item elementor-repeater-item-0ac8b0c\" >SPONSORS<\/span>\n\t\t\t\t\t\t\t\t\t\t\t<span class=\"qodef-m-text-item elementor-repeater-item-707dfc1\" ><span style=\"font-weight: 800\">SPONSORS<\/span><\/span>\n\t\t\t\t\t\t\t\t\t\t\t<span class=\"qodef-m-text-item elementor-repeater-item-eb0a8f7\" >SPONSORS<\/span>\n\t\t\t\t\t\t\t\t\t\t\t<span class=\"qodef-m-text-item elementor-repeater-item-4cadf86\" ><span style=\"font-weight: 800\">SPONSORS<\/span><\/span>\n\t\t\t\t\t\t\t\t\t\t\t<span class=\"qodef-m-text-item elementor-repeater-item-ab4827d\" >SPONSORS<\/span>\n\t\t\t\t\t\t\t\t\t\t\t<span class=\"qodef-m-text-item elementor-repeater-item-bd5676b\" ><span style=\"font-weight: 800\">SPONSORS<\/span><\/span>\n\t\t\t\t\t\t\t\t\t\t\t<span class=\"qodef-m-text-item elementor-repeater-item-f36211c\" >SPONSORS<\/span>\n\t\t\t\t\t\t\t\t\t\t\t<span class=\"qodef-m-text-item elementor-repeater-item-fd83c56\" ><span style=\"font-weight: 800\">SPONSORS<\/span><\/span>\n\t\t\t\t\t\t\t\t\t\t\t<span class=\"qodef-m-text-item elementor-repeater-item-b7911d7\" >SPONSORS<\/span>\n\t\t\t\t\t\t\t\t\t<\/div>\n\t<\/div>\n<\/div>\n\t\t\t\t<\/div>\n\t\t\t\t<\/div>\n\t\t\t\t\t<\/div>\n\t\t<\/div>\n\t\t\t\t\t<\/div>\n\t\t<\/section>\n\t\t\t\t<\/div>\n\t\t","protected":false},"excerpt":{"rendered":"<p>Drets de fotografia i imatge. AUTORITZO l&#8217;\u00fas de la imatge del menor segons els termes seg\u00fcents: I.- Que AUTORITZO a l&#8217;empresa &#8220;AGENCY BY SPORTS AND LIFE, #S.L.O.&#8221;, amb CIF n\u00fam.: B-67599506 (d&#8217;ara endavant \u201cNSN\u201d), domiciliada a Barcelona (08006), Via Augusta 17, Principal, a la captaci\u00f3 i fixaci\u00f3 de la imatge i veu del menor, Iniesta [&hellip;]<\/p>\n","protected":false},"author":2,"featured_media":0,"parent":0,"menu_order":0,"comment_status":"closed","ping_status":"closed","template":"elementor_header_footer","meta":{"_acf_changed":false,"inline_featured_image":false,"footnotes":""},"class_list":["post-13646","page","type-page","status-publish","hentry"],"acf":[],"yoast_head":"<!-- This site is optimized with the Yoast SEO plugin v25.3 - https:\/\/yoast.com\/wordpress\/plugins\/seo\/ -->\n<title>Drets de fotografia i imatge. - Iniesta Academy<\/title>\n<meta name=\"description\" content=\"Consulta nuestra pol\u00edtica de privacidad y protege tus datos personales en Iniesta Academy. \u00a1Conf\u00eda en nosotros!\" \/>\n<meta name=\"robots\" content=\"index, follow, max-snippet:-1, max-image-preview:large, max-video-preview:-1\" \/>\n<link rel=\"canonical\" href=\"https:\/\/iniestacademy.com\/ca\/drets-de-fotografia-i-imatge\/\" \/>\n<meta property=\"og:locale\" content=\"ca_ES\" \/>\n<meta property=\"og:type\" content=\"article\" \/>\n<meta property=\"og:title\" content=\"Drets de fotografia i imatge. - Iniesta Academy\" \/>\n<meta property=\"og:description\" content=\"Consulta nuestra pol\u00edtica de privacidad y protege tus datos personales en Iniesta Academy. \u00a1Conf\u00eda en nosotros!\" \/>\n<meta property=\"og:url\" content=\"https:\/\/iniestacademy.com\/ca\/drets-de-fotografia-i-imatge\/\" \/>\n<meta property=\"og:site_name\" content=\"Iniesta Academy\" \/>\n<meta property=\"article:publisher\" content=\"https:\/\/www.linkedin.com\/company\/iniestacademy\/\" \/>\n<meta property=\"article:modified_time\" content=\"2025-04-23T10:40:20+00:00\" \/>\n<meta name=\"twitter:card\" content=\"summary_large_image\" \/>\n<meta name=\"twitter:label1\" content=\"Temps estimat de lectura\" \/>\n\t<meta name=\"twitter:data1\" content=\"3 minuts\" \/>\n<script type=\"application\/ld+json\" class=\"yoast-schema-graph\">{\"@context\":\"https:\/\/schema.org\",\"@graph\":[{\"@type\":\"WebPage\",\"@id\":\"https:\/\/iniestacademy.com\/ca\/drets-de-fotografia-i-imatge\/\",\"url\":\"https:\/\/iniestacademy.com\/ca\/drets-de-fotografia-i-imatge\/\",\"name\":\"Drets de fotografia i imatge. - Iniesta Academy\",\"isPartOf\":{\"@id\":\"https:\/\/iniestacademy.com\/#website\"},\"primaryImageOfPage\":{\"@id\":\"https:\/\/iniestacademy.com\/ca\/drets-de-fotografia-i-imatge\/#primaryimage\"},\"image\":{\"@id\":\"https:\/\/iniestacademy.com\/ca\/drets-de-fotografia-i-imatge\/#primaryimage\"},\"thumbnailUrl\":\"https:\/\/iniestacademy.com\/wp-content\/uploads\/2023\/05\/Frame-4.svg\",\"datePublished\":\"2024-04-12T11:16:59+00:00\",\"dateModified\":\"2025-04-23T10:40:20+00:00\",\"description\":\"Consulta nuestra pol\u00edtica de privacidad y protege tus datos personales en Iniesta Academy. \u00a1Conf\u00eda en nosotros!\",\"breadcrumb\":{\"@id\":\"https:\/\/iniestacademy.com\/ca\/drets-de-fotografia-i-imatge\/#breadcrumb\"},\"inLanguage\":\"ca\",\"potentialAction\":[{\"@type\":\"ReadAction\",\"target\":[\"https:\/\/iniestacademy.com\/ca\/drets-de-fotografia-i-imatge\/\"]}]},{\"@type\":\"ImageObject\",\"inLanguage\":\"ca\",\"@id\":\"https:\/\/iniestacademy.com\/ca\/drets-de-fotografia-i-imatge\/#primaryimage\",\"url\":\"https:\/\/iniestacademy.com\/wp-content\/uploads\/2023\/05\/Frame-4.svg\",\"contentUrl\":\"https:\/\/iniestacademy.com\/wp-content\/uploads\/2023\/05\/Frame-4.svg\"},{\"@type\":\"BreadcrumbList\",\"@id\":\"https:\/\/iniestacademy.com\/ca\/drets-de-fotografia-i-imatge\/#breadcrumb\",\"itemListElement\":[{\"@type\":\"ListItem\",\"position\":1,\"name\":\"Portada\",\"item\":\"https:\/\/iniestacademy.com\/ca\/better-people-better-players\/\"},{\"@type\":\"ListItem\",\"position\":2,\"name\":\"Drets de fotografia i imatge.\"}]},{\"@type\":\"WebSite\",\"@id\":\"https:\/\/iniestacademy.com\/#website\",\"url\":\"https:\/\/iniestacademy.com\/\",\"name\":\"Iniesta Academy\",\"description\":\"Iniesta methodology academy\",\"publisher\":{\"@id\":\"https:\/\/iniestacademy.com\/#organization\"},\"potentialAction\":[{\"@type\":\"SearchAction\",\"target\":{\"@type\":\"EntryPoint\",\"urlTemplate\":\"https:\/\/iniestacademy.com\/?s={search_term_string}\"},\"query-input\":{\"@type\":\"PropertyValueSpecification\",\"valueRequired\":true,\"valueName\":\"search_term_string\"}}],\"inLanguage\":\"ca\"},{\"@type\":\"Organization\",\"@id\":\"https:\/\/iniestacademy.com\/#organization\",\"name\":\"Iniesta Academy\",\"url\":\"https:\/\/iniestacademy.com\/\",\"logo\":{\"@type\":\"ImageObject\",\"inLanguage\":\"ca\",\"@id\":\"https:\/\/iniestacademy.com\/#\/schema\/logo\/image\/\",\"url\":\"https:\/\/iniestacademy.com\/wp-content\/uploads\/2022\/10\/Logo-Header-1.svg\",\"contentUrl\":\"https:\/\/iniestacademy.com\/wp-content\/uploads\/2022\/10\/Logo-Header-1.svg\",\"width\":208,\"height\":60,\"caption\":\"Iniesta Academy\"},\"image\":{\"@id\":\"https:\/\/iniestacademy.com\/#\/schema\/logo\/image\/\"},\"sameAs\":[\"https:\/\/www.linkedin.com\/company\/iniestacademy\/\",\"https:\/\/www.tiktok.com\/@iniestacademy\",\"https:\/\/www.instagram.com\/iniestacademy\/\"]}]}<\/script>\n<!-- \/ Yoast SEO plugin. -->","yoast_head_json":{"title":"Drets de fotografia i imatge. - Iniesta Academy","description":"Consulta nuestra pol\u00edtica de privacidad y protege tus datos personales en Iniesta Academy. \u00a1Conf\u00eda en nosotros!","robots":{"index":"index","follow":"follow","max-snippet":"max-snippet:-1","max-image-preview":"max-image-preview:large","max-video-preview":"max-video-preview:-1"},"canonical":"https:\/\/iniestacademy.com\/ca\/drets-de-fotografia-i-imatge\/","og_locale":"ca_ES","og_type":"article","og_title":"Drets de fotografia i imatge. - Iniesta Academy","og_description":"Consulta nuestra pol\u00edtica de privacidad y protege tus datos personales en Iniesta Academy. \u00a1Conf\u00eda en nosotros!","og_url":"https:\/\/iniestacademy.com\/ca\/drets-de-fotografia-i-imatge\/","og_site_name":"Iniesta Academy","article_publisher":"https:\/\/www.linkedin.com\/company\/iniestacademy\/","article_modified_time":"2025-04-23T10:40:20+00:00","twitter_card":"summary_large_image","twitter_misc":{"Temps estimat de lectura":"3 minuts"},"schema":{"@context":"https:\/\/schema.org","@graph":[{"@type":"WebPage","@id":"https:\/\/iniestacademy.com\/ca\/drets-de-fotografia-i-imatge\/","url":"https:\/\/iniestacademy.com\/ca\/drets-de-fotografia-i-imatge\/","name":"Drets de fotografia i imatge. - Iniesta Academy","isPartOf":{"@id":"https:\/\/iniestacademy.com\/#website"},"primaryImageOfPage":{"@id":"https:\/\/iniestacademy.com\/ca\/drets-de-fotografia-i-imatge\/#primaryimage"},"image":{"@id":"https:\/\/iniestacademy.com\/ca\/drets-de-fotografia-i-imatge\/#primaryimage"},"thumbnailUrl":"https:\/\/iniestacademy.com\/wp-content\/uploads\/2023\/05\/Frame-4.svg","datePublished":"2024-04-12T11:16:59+00:00","dateModified":"2025-04-23T10:40:20+00:00","description":"Consulta nuestra pol\u00edtica de privacidad y protege tus datos personales en Iniesta Academy. \u00a1Conf\u00eda en nosotros!","breadcrumb":{"@id":"https:\/\/iniestacademy.com\/ca\/drets-de-fotografia-i-imatge\/#breadcrumb"},"inLanguage":"ca","potentialAction":[{"@type":"ReadAction","target":["https:\/\/iniestacademy.com\/ca\/drets-de-fotografia-i-imatge\/"]}]},{"@type":"ImageObject","inLanguage":"ca","@id":"https:\/\/iniestacademy.com\/ca\/drets-de-fotografia-i-imatge\/#primaryimage","url":"https:\/\/iniestacademy.com\/wp-content\/uploads\/2023\/05\/Frame-4.svg","contentUrl":"https:\/\/iniestacademy.com\/wp-content\/uploads\/2023\/05\/Frame-4.svg"},{"@type":"BreadcrumbList","@id":"https:\/\/iniestacademy.com\/ca\/drets-de-fotografia-i-imatge\/#breadcrumb","itemListElement":[{"@type":"ListItem","position":1,"name":"Portada","item":"https:\/\/iniestacademy.com\/ca\/better-people-better-players\/"},{"@type":"ListItem","position":2,"name":"Drets de fotografia i imatge."}]},{"@type":"WebSite","@id":"https:\/\/iniestacademy.com\/#website","url":"https:\/\/iniestacademy.com\/","name":"Iniesta Academy","description":"Iniesta methodology academy","publisher":{"@id":"https:\/\/iniestacademy.com\/#organization"},"potentialAction":[{"@type":"SearchAction","target":{"@type":"EntryPoint","urlTemplate":"https:\/\/iniestacademy.com\/?s={search_term_string}"},"query-input":{"@type":"PropertyValueSpecification","valueRequired":true,"valueName":"search_term_string"}}],"inLanguage":"ca"},{"@type":"Organization","@id":"https:\/\/iniestacademy.com\/#organization","name":"Iniesta Academy","url":"https:\/\/iniestacademy.com\/","logo":{"@type":"ImageObject","inLanguage":"ca","@id":"https:\/\/iniestacademy.com\/#\/schema\/logo\/image\/","url":"https:\/\/iniestacademy.com\/wp-content\/uploads\/2022\/10\/Logo-Header-1.svg","contentUrl":"https:\/\/iniestacademy.com\/wp-content\/uploads\/2022\/10\/Logo-Header-1.svg","width":208,"height":60,"caption":"Iniesta Academy"},"image":{"@id":"https:\/\/iniestacademy.com\/#\/schema\/logo\/image\/"},"sameAs":["https:\/\/www.linkedin.com\/company\/iniestacademy\/","https:\/\/www.tiktok.com\/@iniestacademy","https:\/\/www.instagram.com\/iniestacademy\/"]}]}},"_links":{"self":[{"href":"https:\/\/iniestacademy.com\/ca\/wp-json\/wp\/v2\/pages\/13646","targetHints":{"allow":["GET"]}}],"collection":[{"href":"https:\/\/iniestacademy.com\/ca\/wp-json\/wp\/v2\/pages"}],"about":[{"href":"https:\/\/iniestacademy.com\/ca\/wp-json\/wp\/v2\/types\/page"}],"author":[{"embeddable":true,"href":"https:\/\/iniestacademy.com\/ca\/wp-json\/wp\/v2\/users\/2"}],"replies":[{"embeddable":true,"href":"https:\/\/iniestacademy.com\/ca\/wp-json\/wp\/v2\/comments?post=13646"}],"version-history":[{"count":2,"href":"https:\/\/iniestacademy.com\/ca\/wp-json\/wp\/v2\/pages\/13646\/revisions"}],"predecessor-version":[{"id":18270,"href":"https:\/\/iniestacademy.com\/ca\/wp-json\/wp\/v2\/pages\/13646\/revisions\/18270"}],"wp:attachment":[{"href":"https:\/\/iniestacademy.com\/ca\/wp-json\/wp\/v2\/media?parent=13646"}],"curies":[{"name":"wp","href":"https:\/\/api.w.org\/{rel}","templated":true}]}}